{"id":18042,"date":"2024-11-10T22:05:29","date_gmt":"2024-11-10T15:05:29","guid":{"rendered":"https:\/\/archculture.art\/?page_id=18042"},"modified":"2024-12-04T19:41:39","modified_gmt":"2024-12-04T12:41:39","slug":"dang-ky","status":"publish","type":"page","link":"https:\/\/archculture.art\/en\/dang-ky\/","title":{"rendered":"\u0110\u0103ng k\u00fd"},"content":{"rendered":"<div data-elementor-type=\"wp-page\" data-elementor-id=\"18042\" class=\"elementor elementor-18042\" data-elementor-post-type=\"page\">\n\t\t\t\t<div class=\"elementor-element elementor-element-a331899 e-flex e-con-boxed e-con e-parent\" data-id=\"a331899\" data-element_type=\"container\" data-e-type=\"container\" data-settings=\"{&quot;background_background&quot;:&quot;classic&quot;}\">\n\t\t\t\t\t<div class=\"e-con-inner\">\n\t\t<div class=\"elementor-element elementor-element-888b4c2 e-con-full elementor-hidden-mobile e-flex e-con e-child\" data-id=\"888b4c2\" data-element_type=\"container\" data-e-type=\"container\">\n\t\t\t\t<\/div>\n\t\t<div class=\"elementor-element elementor-element-3481ebc e-con-full auth-wrapper e-flex e-con e-child\" data-id=\"3481ebc\" data-element_type=\"container\" data-e-type=\"container\" data-settings=\"{&quot;background_background&quot;:&quot;classic&quot;}\">\n\t\t<div class=\"elementor-element elementor-element-76796eb e-con-full e-flex e-con e-child\" data-id=\"76796eb\" data-element_type=\"container\" data-e-type=\"container\">\n\t\t<div class=\"elementor-element elementor-element-9b5e76e e-con-full e-flex e-con e-child\" data-id=\"9b5e76e\" data-element_type=\"container\" data-e-type=\"container\">\n\t\t\t\t<div class=\"elementor-element elementor-element-9ac99f3 elementor-widget elementor-widget-shortcode\" data-id=\"9ac99f3\" data-element_type=\"widget\" data-e-type=\"widget\" data-widget_type=\"shortcode.default\">\n\t\t\t\t\t\t\t<div class=\"elementor-shortcode\">\r\n<div class=\"archc-language__switcher\">\r\n    <div class=\"archc-language__dropdown\">\r\n        <button class=\"archc-language__dropbtn\">\r\n            <span class=\"archc-language__name\">English<\/span>\r\n            <span class=\"archc-language__icon\">\r\n                <svg xmlns=\"http:\/\/www.w3.org\/2000\/svg\" width=\"12\" height=\"13\" viewbox=\"0 0 12 13\" fill=\"none\">\r\n                    <path\r\n                        d=\"M11.2929 3.46448L6.35343 8.40398C6.25836 8.49522 6.1317 8.54617 5.99993 8.54617C5.86816 8.54617 5.7415 8.49522 5.64643 8.40398L0.70993 3.46698L0.00292969 4.17398L4.93943 9.11098C5.22536 9.38349 5.60519 9.5355 6.00018 9.5355C6.39517 9.5355 6.775 9.38349 7.06093 9.11098L11.9999 4.17148L11.2929 3.46448Z\"\r\n                        fill=\"currentColor\" \/>\r\n                <\/svg>\r\n            <\/span>\r\n        <\/button>\r\n        <div class=\"archc-language__lists\" data-no-translation>\r\n                            <a href=\"https:\/\/archculture.art\/en\/wp-json\/wp\/v2\/pages\/18042\"\r\n                    class=\"archc-language__list\">\r\n                    <span class=\"archc-language__icon\">\r\n                        <img data-recalc-dims=\"1\" decoding=\"async\" src=\"https:\/\/i0.wp.com\/archculture.art\/wp-content\/plugins\/translatepress-multilingual\/assets\/images\/flags\/vi.png?ssl=1\" alt=\"vi\">\r\n                    <\/span>\r\n                    <span class=\"archc-language__name\">Vietnamese<\/span>\r\n                <\/a>\r\n                            <a href=\"https:\/\/archculture.art\/en\/wp-json\/wp\/v2\/pages\/18042\"\r\n                    class=\"archc-language__list active\">\r\n                    <span class=\"archc-language__icon\">\r\n                        <img data-recalc-dims=\"1\" decoding=\"async\" src=\"https:\/\/i0.wp.com\/archculture.art\/wp-content\/plugins\/translatepress-multilingual\/assets\/images\/flags\/en_US.png?ssl=1\" alt=\"en_US\">\r\n                    <\/span>\r\n                    <span class=\"archc-language__name\">English<\/span>\r\n                <\/a>\r\n                    <\/div>\r\n    <\/div>\r\n<\/div><\/div>\n\t\t\t\t\t\t<\/div>\n\t\t\t\t<\/div>\n\t\t\t\t<\/div>\n\t\t<div class=\"elementor-element elementor-element-5fef93e e-con-full e-flex e-con e-child\" data-id=\"5fef93e\" data-element_type=\"container\" data-e-type=\"container\">\n\t\t\t\t<div class=\"elementor-element elementor-element-cdcb6a5 elementor-widget elementor-widget-heading\" data-id=\"cdcb6a5\" data-element_type=\"widget\" data-e-type=\"widget\" data-widget_type=\"heading.default\">\n\t\t\t\t\t<h1 class=\"elementor-heading-title elementor-size-default\">SIGN UP<\/h1>\t\t\t\t<\/div>\n\t\t\t\t<div class=\"elementor-element elementor-element-5fa913e elementor-widget__width-inherit elementor-widget elementor-widget-shortcode\" data-id=\"5fa913e\" data-element_type=\"widget\" data-e-type=\"widget\" data-widget_type=\"shortcode.default\">\n\t\t\t\t\t\t\t<div class=\"elementor-shortcode\"><form method=\"POST\" id=\"auth-register-form\" class=\"register archc-auth\" action=\"\">\r\n    <p class=\"woocommerce-form-row woocommerce-form-row--wide form-row form-row-wide form-group\">\r\n        <input type=\"text\" class=\"woocommerce-Input woocommerce-Input--text input-text\" name=\"full_name\"\r\n            id=\"reg_full_name\" autocomplete=\"name\" placeholder=\"H\u1ecd v\u00e0 t\u00ean\" required\r\n value=\"\" \/>\r\n    <\/p>\r\n\r\n    <p class=\"woocommerce-form-row woocommerce-form-row--wide form-row form-row-wide form-group form-group\">\r\n        <input type=\"email\" class=\"woocommerce-Input woocommerce-Input--text input-text\" name=\"email\" id=\"reg_email\"\r\n            autocomplete=\"email\" placeholder=\"Email address\" required\r\n value=\"\" data-no-translation-placeholder=\"\" \/>\r\n    <\/p>\r\n\r\n    <p class=\"woocommerce-form-row woocommerce-form-row--wide form-row form-row-wide form-group\">\r\n        <input type=\"password\" class=\"woocommerce-Input woocommerce-Input--text input-text\" name=\"password\"\r\n            id=\"reg_password\" autocomplete=\"new-password\" required\r\n placeholder=\"Password\" data-no-translation-placeholder=\"\" \/>\r\n        <span class=\"eye-icon\">\r\n            <svg stroke=\"currentColor\" class=\"eye-slash\" fill=\"currentColor\" stroke-width=\"0\" viewbox=\"0 0 16 16\"\r\n                height=\"1em\" width=\"1em\" xmlns=\"http:\/\/www.w3.org\/2000\/svg\">\r\n                <path\r\n                    d=\"M13.359 11.238C15.06 9.72 16 8 16 8s-3-5.5-8-5.5a7 7 0 0 0-2.79.588l.77.771A6 6 0 0 1 8 3.5c2.12 0 3.879 1.168 5.168 2.457A13 13 0 0 1 14.828 8q-.086.13-.195.288c-.335.48-.83 1.12-1.465 1.755q-.247.248-.517.486z\">\r\n                <\/path>\r\n                <path\r\n                    d=\"M11.297 9.176a3.5 3.5 0 0 0-4.474-4.474l.823.823a2.5 2.5 0 0 1 2.829 2.829zm-2.943 1.299.822.822a3.5 3.5 0 0 1-4.474-4.474l.823.823a2.5 2.5 0 0 0 2.829 2.829\">\r\n                <\/path>\r\n                <path\r\n                    d=\"M3.35 5.47q-.27.24-.518.487A13 13 0 0 0 1.172 8l.195.288c.335.48.83 1.12 1.465 1.755C4.121 11.332 5.881 12.5 8 12.5c.716 0 1.39-.133 2.02-.36l.77.772A7 7 0 0 1 8 13.5C3 13.5 0 8 0 8s.939-1.721 2.641-3.238l.708.709zm10.296 8.884-12-12 .708-.708 12 12z\">\r\n                <\/path>\r\n            <\/svg>\r\n            <svg stroke=\"currentColor\" class=\"eye\" fill=\"currentColor\" stroke-width=\"0\" viewbox=\"0 0 16 16\" height=\"1em\"\r\n                width=\"1em\" xmlns=\"http:\/\/www.w3.org\/2000\/svg\" style=\"display: none;\">\r\n                <path\r\n                    d=\"M16 8s-3-5.5-8-5.5S0 8 0 8s3 5.5 8 5.5S16 8 16 8M1.173 8a13 13 0 0 1 1.66-2.043C4.12 4.668 5.88 3.5 8 3.5s3.879 1.168 5.168 2.457A13 13 0 0 1 14.828 8q-.086.13-.195.288c-.335.48-.83 1.12-1.465 1.755C11.879 11.332 10.119 12.5 8 12.5s-3.879-1.168-5.168-2.457A13 13 0 0 1 1.172 8z\">\r\n                <\/path>\r\n                <path d=\"M8 5.5a2.5 2.5 0 1 0 0 5 2.5 2.5 0 0 0 0-5M4.5 8a3.5 3.5 0 1 1 7 0 3.5 3.5 0 0 1-7 0\"><\/path>\r\n            <\/svg>\r\n        <\/span>\r\n    <\/p>\r\n\r\n    \r\n    <p class=\"wc-form-row form-group\">\r\n        <label class=\"form-label form-privacy\">\r\n            <input type=\"checkbox\" name=\"privacy_policy\" id=\"privacy_policy\"\r\n                class=\"woocommerce-form__input woocommerce-form__input-checkbox input-checkbox\" value=\"1\">\r\n            <span>\r\n                T\u00f4i \u0111\u1ed3ng \u00fd v\u1edbi <a href=\"https:\/\/archculture.art\/en\/terms-of-service\/\" target=\"_blank\">\u0110i\u1ec1u kho\u1ea3n d\u1ecbch v\u1ee5<\/a> v\u00e0 <a href=\"https:\/\/archculture.art\/en\/refund_returns\/\" target=\"_blank\">Quy\u1ec1n ri\u00eang t\u01b0<\/a>            <\/span>\r\n        <\/label>\r\n    <\/p>\r\n\r\n    <p class=\"woocommerce-form-row form-row form-submit\">\r\n        <input type=\"hidden\" id=\"arch-c-wc-register-nonce\" name=\"arch-c-wc-register-nonce\" value=\"679d784e98\" \/><input type=\"hidden\" name=\"_wp_http_referer\" value=\"\/en\/wp-json\/wp\/v2\/pages\/18042\" \/>        <button type=\"submit\"\r\n            class=\"woocommerce-Button woocommerce-button button woocommerce-form-register__submit form-submit-btn\"\r\n            name=\"arch-c-register\"\r\n            value=\"Register\" data-no-translation=\"\" data-trp-gettext=\"\" data-no-translation-value=\"\">Register<\/button>\r\n    <\/p>\r\n<input type=\"hidden\" name=\"trp-form-language\" value=\"en\"\/><\/form><\/div>\n\t\t\t\t\t\t<\/div>\n\t\t\t\t<\/div>\n\t\t<div class=\"elementor-element elementor-element-e629993 e-con-full e-flex e-con e-child\" data-id=\"e629993\" data-element_type=\"container\" data-e-type=\"container\">\n\t\t\t\t<div class=\"elementor-element elementor-element-3fec823 login-with-separator elementor-widget elementor-widget-heading\" data-id=\"3fec823\" data-element_type=\"widget\" data-e-type=\"widget\" data-widget_type=\"heading.default\">\n\t\t\t\t\t<p class=\"elementor-heading-title elementor-size-default\">Ho\u1eb7c \u0110\u0103ng Nh\u1eadp V\u1edbi<\/p>\t\t\t\t<\/div>\n\t\t<div class=\"elementor-element elementor-element-71ae942 e-con-full e-flex e-con e-child\" data-id=\"71ae942\" data-element_type=\"container\" data-e-type=\"container\">\n\t\t\t\t<div class=\"elementor-element elementor-element-5489fd8 elementor-widget elementor-widget-shortcode\" data-id=\"5489fd8\" data-element_type=\"widget\" data-e-type=\"widget\" data-widget_type=\"shortcode.default\">\n\t\t\t\t\t\t\t<div class=\"elementor-shortcode\"><div class=\"nsl-container nsl-container-block\" data-align=\"left\"><div class=\"nsl-container-buttons\"><a href=\"https:\/\/archculture.art\/wp-login.php?loginSocial=google&#038;redirect=https%3A%2F%2Farchculture.art%2Fen%2Fwp-json%2Fwp%2Fv2%2Fpages%2F18042\" rel=\"nofollow\" aria-label=\"\u0110\u0103ng nh\u1eadp v\u1edbi Google\" data-plugin=\"nsl\" data-action=\"connect\" data-provider=\"google\" data-popupwidth=\"600\" data-popupheight=\"600\" data-e-disable-page-transition=\"1\"><div class=\"nsl-button nsl-button-default nsl-button-google\" data-skin=\"light\" style=\"background-color:#fff;\"><div class=\"nsl-button-svg-container\"><svg xmlns=\"http:\/\/www.w3.org\/2000\/svg\" width=\"24\" height=\"24\" viewbox=\"0 0 24 24\"><path fill=\"#4285F4\" d=\"M20.64 12.2045c0-.6381-.0573-1.2518-.1636-1.8409H12v3.4814h4.8436c-.2086 1.125-.8427 2.0782-1.7959 2.7164v2.2581h2.9087c1.7018-1.5668 2.6836-3.874 2.6836-6.615z\"><\/path><path fill=\"#34A853\" d=\"M12 21c2.43 0 4.4673-.806 5.9564-2.1805l-2.9087-2.2581c-.8059.54-1.8368.859-3.0477.859-2.344 0-4.3282-1.5831-5.036-3.7104H3.9574v2.3318C5.4382 18.9832 8.4818 21 12 21z\"><\/path><path fill=\"#FBBC05\" d=\"M6.964 13.71c-.18-.54-.2822-1.1168-.2822-1.71s.1023-1.17.2823-1.71V7.9582H3.9573A8.9965 8.9965 0 0 0 3 12c0 1.4523.3477 2.8268.9573 4.0418L6.964 13.71z\"><\/path><path fill=\"#EA4335\" d=\"M12 6.5795c1.3214 0 2.5077.4541 3.4405 1.346l2.5813-2.5814C16.4632 3.8918 14.426 3 12 3 8.4818 3 5.4382 5.0168 3.9573 7.9582L6.964 10.29C7.6718 8.1627 9.6559 6.5795 12 6.5795z\"><\/path><\/svg><\/div><div class=\"nsl-button-label-container\">\u0110\u0103ng nh\u1eadp v\u1edbi Google<\/div><\/div><\/a><\/div><\/div><\/div>\n\t\t\t\t\t\t<\/div>\n\t\t\t\t<\/div>\n\t\t\t\t<\/div>\n\t\t\t\t<div class=\"elementor-element elementor-element-fb738ec elementor-widget elementor-widget-text-editor\" data-id=\"fb738ec\" data-element_type=\"widget\" data-e-type=\"widget\" data-widget_type=\"text-editor.default\">\n\t\t\t\t\t\t\t\t\tB\u1ea1n \u0111\u00e3 c\u00f3 t\u00e0i kho\u1ea3n? <span style=\"color: #333132;\"><a href=\"\/en\/dang-nhap\/\"><strong>\u0110\u0103ng nh\u1eadp<\/strong><\/a><\/span>\t\t\t\t\t\t\t\t<\/div>\n\t\t\t\t<\/div>\n\t\t\t\t\t<\/div>\n\t\t\t\t<\/div>\n\t\t\t\t<\/div>","protected":false},"excerpt":{"rendered":"<p>\u0110\u0102NG K\u00dd Ho\u1eb7c \u0110\u0103ng Nh\u1eadp V\u1edbi B\u1ea1n \u0111\u00e3 c\u00f3 t\u00e0i kho\u1ea3n? \u0110\u0103ng nh\u1eadp<\/p>","protected":false},"author":2,"featured_media":0,"parent":0,"menu_order":0,"comment_status":"closed","ping_status":"closed","template":"elementor_canvas","meta":{"_acf_changed":false,"site-sidebar-layout":"no-sidebar","site-content-layout":"","ast-site-content-layout":"full-width-container","site-content-style":"default","site-sidebar-style":"default","ast-global-header-display":"","ast-banner-title-visibility":"","ast-main-header-display":"","ast-hfb-above-header-display":"","ast-hfb-below-header-display":"","ast-hfb-mobile-header-display":"","site-post-title":"disabled","ast-breadcrumbs-content":"","ast-featured-img":"disabled","footer-sml-layout":"","theme-transparent-header-meta":"","adv-header-id-meta":"","stick-header-meta":"","header-above-stick-meta":"","header-main-stick-meta":"","header-below-stick-meta":"","astra-migrate-meta-layouts":"default","ast-page-background-enabled":"default","ast-page-background-meta":{"desktop":{"background-color":"var(--ast-global-color-4)","background-image":"","background-repeat":"repeat","background-position":"center center","background-size":"auto","background-attachment":"scroll","background-type":"","background-media":"","overlay-type":"","overlay-color":"","overlay-opacity":"","overlay-gradient":""},"tablet":{"background-color":"","background-image":"","background-repeat":"repeat","background-position":"center center","background-size":"auto","background-attachment":"scroll","background-type":"","background-media":"","overlay-type":"","overlay-color":"","overlay-opacity":"","overlay-gradient":""},"mobile":{"background-color":"","background-image":"","background-repeat":"repeat","background-position":"center center","background-size":"auto","background-attachment":"scroll","background-type":"","background-media":"","overlay-type":"","overlay-color":"","overlay-opacity":"","overlay-gradient":""}},"ast-content-background-meta":{"desktop":{"background-color":"var(--ast-global-color-5)","background-image":"","background-repeat":"repeat","background-position":"center center","background-size":"auto","background-attachment":"scroll","background-type":"","background-media":"","overlay-type":"","overlay-color":"","overlay-opacity":"","overlay-gradient":""},"tablet":{"background-color":"var(--ast-global-color-5)","background-image":"","background-repeat":"repeat","background-position":"center center","background-size":"auto","background-attachment":"scroll","background-type":"","background-media":"","overlay-type":"","overlay-color":"","overlay-opacity":"","overlay-gradient":""},"mobile":{"background-color":"var(--ast-global-color-5)","background-image":"","background-repeat":"repeat","background-position":"center center","background-size":"auto","background-attachment":"scroll","background-type":"","background-media":"","overlay-type":"","overlay-color":"","overlay-opacity":"","overlay-gradient":""}},"footnotes":""},"class_list":["post-18042","page","type-page","status-publish","hentry"],"acf":[],"jetpack_sharing_enabled":true,"jetpack-related-posts":[],"jetpack_shortlink":"https:\/\/wp.me\/Pgd0er-4H0","_links":{"self":[{"href":"https:\/\/archculture.art\/en\/wp-json\/wp\/v2\/pages\/18042","targetHints":{"allow":["GET"]}}],"collection":[{"href":"https:\/\/archculture.art\/en\/wp-json\/wp\/v2\/pages"}],"about":[{"href":"https:\/\/archculture.art\/en\/wp-json\/wp\/v2\/types\/page"}],"author":[{"embeddable":true,"href":"https:\/\/archculture.art\/en\/wp-json\/wp\/v2\/users\/2"}],"replies":[{"embeddable":true,"href":"https:\/\/archculture.art\/en\/wp-json\/wp\/v2\/comments?post=18042"}],"version-history":[{"count":0,"href":"https:\/\/archculture.art\/en\/wp-json\/wp\/v2\/pages\/18042\/revisions"}],"wp:attachment":[{"href":"https:\/\/archculture.art\/en\/wp-json\/wp\/v2\/media?parent=18042"}],"curies":[{"name":"wp","href":"https:\/\/api.w.org\/{rel}","templated":true}]}}