{"id":2273,"date":"2024-09-07T15:50:22","date_gmt":"2024-09-07T08:50:22","guid":{"rendered":"https:\/\/archculture.art\/?page_id=2273"},"modified":"2025-09-13T13:43:26","modified_gmt":"2025-09-13T06:43:26","slug":"ve-arch-culture","status":"publish","type":"page","link":"https:\/\/archculture.art\/en\/ve-arch-culture\/","title":{"rendered":"About ARCH CULTURE"},"content":{"rendered":"<div data-elementor-type=\"wp-page\" data-elementor-id=\"2273\" class=\"elementor elementor-2273\" data-elementor-post-type=\"page\">\n\t\t\t\t<main class=\"elementor-element elementor-element-218a2db e-con-full e-flex e-con e-parent\" data-id=\"218a2db\" data-element_type=\"container\" data-e-type=\"container\">\n\t\t<section class=\"elementor-element elementor-element-ae78aa0 e-flex e-con-boxed e-con e-child\" data-id=\"ae78aa0\" data-element_type=\"container\" data-e-type=\"container\">\n\t\t\t\t\t<div class=\"e-con-inner\">\n\t\t\t\t<div class=\"elementor-element elementor-element-eea3959 elementor-widget elementor-widget-shortcode\" data-id=\"eea3959\" data-element_type=\"widget\" data-e-type=\"widget\" data-widget_type=\"shortcode.default\">\n\t\t\t\t\t\t\t<div class=\"elementor-shortcode\"><nav aria-label=\"breadcrumbs\" class=\"rank-math-breadcrumb\"><p><span class=\"last\">Arch Culture<\/span><\/p><\/nav><\/div>\n\t\t\t\t\t\t<\/div>\n\t\t\t\t\t<\/div>\n\t\t\t\t<\/section>\n\t\t<section class=\"elementor-element elementor-element-f588670 e-con-full e-flex e-con e-child\" data-id=\"f588670\" data-element_type=\"container\" data-e-type=\"container\">\n\t\t\t\t<div class=\"elementor-element elementor-element-1463fd0 elementor-widget elementor-widget-image\" data-id=\"1463fd0\" data-element_type=\"widget\" data-e-type=\"widget\" data-widget_type=\"image.default\">\n\t\t\t\t\t\t\t\t\t\t\t\t\t\t\t<img fetchpriority=\"high\" decoding=\"async\" width=\"2560\" height=\"1181\" src=\"https:\/\/i0.wp.com\/archculture.art\/wp-content\/uploads\/2025\/06\/Banner-final-scaled.webp?fit=2560%2C1181&amp;ssl=1\" class=\"attachment-full size-full wp-image-48483\" alt=\"\" srcset=\"https:\/\/i0.wp.com\/archculture.art\/wp-content\/uploads\/2025\/06\/Banner-final-scaled.webp?w=2560&amp;ssl=1 2560w, https:\/\/i0.wp.com\/archculture.art\/wp-content\/uploads\/2025\/06\/Banner-final-scaled.webp?resize=300%2C138&amp;ssl=1 300w, https:\/\/i0.wp.com\/archculture.art\/wp-content\/uploads\/2025\/06\/Banner-final-scaled.webp?resize=1024%2C473&amp;ssl=1 1024w, https:\/\/i0.wp.com\/archculture.art\/wp-content\/uploads\/2025\/06\/Banner-final-scaled.webp?resize=768%2C354&amp;ssl=1 768w, https:\/\/i0.wp.com\/archculture.art\/wp-content\/uploads\/2025\/06\/Banner-final-scaled.webp?resize=1536%2C709&amp;ssl=1 1536w, https:\/\/i0.wp.com\/archculture.art\/wp-content\/uploads\/2025\/06\/Banner-final-scaled.webp?resize=2048%2C945&amp;ssl=1 2048w, https:\/\/i0.wp.com\/archculture.art\/wp-content\/uploads\/2025\/06\/Banner-final-scaled.webp?resize=18%2C8&amp;ssl=1 18w, https:\/\/i0.wp.com\/archculture.art\/wp-content\/uploads\/2025\/06\/Banner-final-scaled.webp?resize=600%2C277&amp;ssl=1 600w\" sizes=\"(max-width: 1417px) 100vw, 1417px\" \/>\t\t\t\t\t\t\t\t\t\t\t\t\t\t\t<\/div>\n\t\t\t\t<\/section>\n\t\t<div class=\"elementor-element elementor-element-fcd1deb e-flex e-con-boxed e-con e-child\" data-id=\"fcd1deb\" data-element_type=\"container\" data-e-type=\"container\">\n\t\t\t\t\t<div class=\"e-con-inner\">\n\t\t\t\t<div class=\"elementor-element elementor-element-295bc43 elementor-widget elementor-widget-heading\" data-id=\"295bc43\" data-element_type=\"widget\" data-e-type=\"widget\" data-widget_type=\"heading.default\">\n\t\t\t\t\t<h1 class=\"elementor-heading-title elementor-size-default\">ARCH CULTURE<\/h1>\t\t\t\t<\/div>\n\t\t\t\t<div class=\"elementor-element elementor-element-e4d21a0 elementor-widget__width-initial elementor-widget elementor-widget-text-editor\" data-id=\"e4d21a0\" data-element_type=\"widget\" data-e-type=\"widget\" data-widget_type=\"text-editor.default\">\n\t\t\t\t\t\t\t\t\t<p>V\u00e0o n\u0103m 2024, sau khi tr\u1ea3i qua s\u1ef1 \u1ea3nh h\u01b0\u1edfng n\u1eb7ng n\u1ec1 c\u1ee7a \u0111\u1ea1i d\u1ecbch COVID-19, founders ch\u00fang t\u00f4i nh\u1eadn th\u1ea5y s\u1ee9c kh\u1ecfe ch\u00ednh l\u00e0 \u0111i\u1ec1u qu\u00fd gi\u00e1 nh\u1ea5t m\u00e0 ch\u00fang ta c\u1ea7n qu\u00fd tr\u1ecdng &#8211; c\u1ea3 s\u1ee9c kh\u1ecfe th\u1ec3 ch\u1ea5t l\u1eabn s\u1ee9c kh\u1ecfe tinh th\u1ea7n. Founders ch\u00fang t\u00f4i nh\u1eadn ra \u0111\u1ec3 ch\u0103m lo t\u1ed1t cho s\u1ee9c kh\u1ecfe tinh th\u1ea7n, ch\u00fang ta n\u00ean r\u00e8n luy\u1ec7n \u00edt nh\u1ea5t m\u1ed9t lo\u1ea1i h\u00ecnh ngh\u1ec7 thu\u1eadt. Lo\u1ea1i h\u00ecnh ngh\u1ec7 thu\u1eadt \u0111em \u0111\u1ebfn nhi\u1ec1u cung b\u1eadc c\u1ea3m x\u00fac nh\u1ea5t, h\u1ed9i t\u1ee5 c\u1ea3 y\u1ebfu t\u1ed1 v\u0103n ho\u00e1, c\u1ea3m h\u1ee9ng cho th\u01a1 ca ch\u00ednh l\u00e0 tranh, \u1ea3nh.<\/p><p>Arch Culture \u0111\u01b0\u1ee3c ra \u0111\u1eddi v\u1edbi mong mu\u1ed1n tr\u1edf th\u00e0nh m\u1ed9t \u0111\u1ecba \u0111i\u1ec3m t\u1eadp trung ngh\u1ec7 thu\u1eadt. Ch\u00fang t\u00f4i mu\u1ed1n th\u00fac \u0111\u1ea9y s\u1ef1 s\u00e1ng t\u1ea1o c\u1ee7a c\u00e1c h\u1ecda s\u0129\/ngh\u1ec7 s\u0129 \u0111\u1ebfn g\u1ea7n h\u01a1n v\u1edbi kh\u00e1ch h\u00e0ng trong v\u00e0 ngo\u00e0i n\u01b0\u1edbc. Nh\u1eefng xu h\u01b0\u1edbng th\u1ea9m m\u1ef9 m\u1edbi d\u1ec5 ti\u1ebfp c\u1eadn qua c\u00e1c thi\u1ebft k\u1ebf, \u1ee9ng d\u1ee5ng; \u0111a d\u1ea1ng trong c\u00e1c d\u00f2ng s\u1ea3n ph\u1ea9m \u1edf nhi\u1ec1u ch\u1ee7 \u0111\u1ec1 kh\u00e1c nhau. T\u1ea5t c\u1ea3 khi\u1ebfn cho vi\u1ec7c l\u00e0m \u0111\u1eb9p kh\u00f4ng gian s\u1ed1ng tr\u1edf n\u00ean d\u1ec5 d\u00e0ng.<\/p>\t\t\t\t\t\t\t\t<\/div>\n\t\t\t\t\t<\/div>\n\t\t\t\t<\/div>\n\t\t<div class=\"elementor-element elementor-element-0ce3c22 e-flex e-con-boxed e-con e-child\" data-id=\"0ce3c22\" data-element_type=\"container\" data-e-type=\"container\">\n\t\t\t\t\t<div class=\"e-con-inner\">\n\t\t<div class=\"elementor-element elementor-element-76ba204 e-grid e-con-full e-con e-child\" data-id=\"76ba204\" data-element_type=\"container\" data-e-type=\"container\">\n\t\t\t\t<div class=\"elementor-element elementor-element-8dd63bf elementor-flip-box--direction-left elementor-flip-box--effect-flip elementor-widget elementor-widget-flip-box\" data-id=\"8dd63bf\" data-element_type=\"widget\" data-e-type=\"widget\" data-widget_type=\"flip-box.default\">\n\t\t\t\t\t\t\t<div class=\"elementor-flip-box\" tabindex=\"0\">\n\t\t\t<div class=\"elementor-flip-box__layer elementor-flip-box__front\">\n\t\t\t\t<div class=\"elementor-flip-box__layer__overlay\">\n\t\t\t\t\t<div class=\"elementor-flip-box__layer__inner\">\n\t\t\t\t\t\t\n\t\t\t\t\t\t\n\t\t\t\t\t\t\t\t\t\t\t<\/div>\n\t\t\t\t<\/div>\n\t\t\t<\/div>\n\t\t\t<div class=\"elementor-flip-box__layer elementor-flip-box__back\">\n\t\t\t<div class=\"elementor-flip-box__layer__overlay\">\n\t\t\t\t<div class=\"elementor-flip-box__layer__inner\">\n\t\t\t\t\t\t\t\t\t\t\t<h3 class=\"elementor-flip-box__layer__title\">\n\t\t\t\t\t\t\tC\u1ed8NG \u0110\u1ed2NG S\u00c1NG T\u1ea0O\t\t\t\t\t\t<\/h3>\n\t\t\t\t\t\n\t\t\t\t\t\t\t\t\t\t\t<div class=\"elementor-flip-box__layer__description\">\n\t\t\t\t\t\t\t\u0110\u00f3ng vai tr\u00f2 l\u00e0 c\u1ea7u n\u1ed1i gi\u1eefa c\u00e1c ngh\u1ec7 s\u0129 v\u1edbi kh\u00e1ch h\u00e0ng, nh\u1eb1m thi\u1ebft l\u1eadp m\u1ed9t trung t\u00e2m t\u1eadp trung cho ngh\u1ec7 thu\u1eadt \u0111\u01b0\u01a1ng \u0111\u1ea1i. Th\u00fac \u0111\u1ea9y kh\u00e1m ph\u00e1 ngh\u1ec7 thu\u1eadt v\u00e0 n\u00e2ng t\u1ea7m kh\u00f4ng ch\u1ec9 c\u00e1c ngh\u1ec7 s\u0129 \u0111\u1ecba ph\u01b0\u01a1ng c\u1ee7a Vi\u1ec7t Nam m\u00e0 c\u1ea3 c\u00e1c ngh\u1ec7 s\u0129 \u0111\u1ed9c l\u1eadp t\u1eeb c\u00e1c qu\u1ed1c gia kh\u00e1c tr\u00ean n\u1ec1n t\u1ea3ng to\u00e0n c\u1ea7u. Ch\u00fang t\u00f4i hoan ngh\u00eanh s\u1ef1 s\u00e1ng t\u1ea1o t\u1eeb kh\u1eafp n\u01a1i tr\u00ean th\u1ebf gi\u1edbi \u0111\u1ec3 ph\u00e1t tri\u1ec3n th\u00e0nh m\u1ed9t th\u01b0\u01a1ng hi\u1ec7u, m\u1ed9t c\u1ed9ng \u0111\u1ed3ng l\u1edbn m\u1ea1nh to\u00e0n c\u1ea7u.\t\t\t\t\t\t<\/div>\n\t\t\t\t\t\n\t\t\t\t\t\t\t\t<\/div>\n\t\t<\/div>\n\t\t<\/div>\n\t\t<\/div>\n\t\t\t\t\t\t<\/div>\n\t\t\t\t<div class=\"elementor-element elementor-element-3efb85a elementor-flip-box--direction-left elementor-flip-box--effect-flip elementor-widget elementor-widget-flip-box\" data-id=\"3efb85a\" data-element_type=\"widget\" data-e-type=\"widget\" data-widget_type=\"flip-box.default\">\n\t\t\t\t\t\t\t<div class=\"elementor-flip-box\" tabindex=\"0\">\n\t\t\t<div class=\"elementor-flip-box__layer elementor-flip-box__front\">\n\t\t\t\t<div class=\"elementor-flip-box__layer__overlay\">\n\t\t\t\t\t<div class=\"elementor-flip-box__layer__inner\">\n\t\t\t\t\t\t\n\t\t\t\t\t\t\n\t\t\t\t\t\t\t\t\t\t\t<\/div>\n\t\t\t\t<\/div>\n\t\t\t<\/div>\n\t\t\t<div class=\"elementor-flip-box__layer elementor-flip-box__back\">\n\t\t\t<div class=\"elementor-flip-box__layer__overlay\">\n\t\t\t\t<div class=\"elementor-flip-box__layer__inner\">\n\t\t\t\t\t\t\t\t\t\t\t<h3 class=\"elementor-flip-box__layer__title\">\n\t\t\t\t\t\t\tB\u1edeI CH\u00daNG T\u00d4I\t\t\t\t\t\t<\/h3>\n\t\t\t\t\t\n\t\t\t\t\t\t\t\t\t\t\t<div class=\"elementor-flip-box__layer__description\">\n\t\t\t\t\t\t\tC\u00e1c thi\u1ebft k\u1ebf y\u00eau th\u00edch c\u1ee7a b\u1ea1n k\u1ebft h\u1ee3p cho kh\u00f4ng gian ph\u00f2ng kh\u00e1ch, ph\u00f2ng \u0103n, ph\u00f2ng ng\u1ee7\u2026 Ho\u1eb7c nh\u00e0 h\u00e0ng, spa, kh\u00e1ch s\u1ea1n, v\u0103n ph\u00f2ng \u2014 ch\u00fang t\u00f4i tu\u1ef3 ch\u1ec9nh m\u1ecdi th\u1ee9 ngay khi b\u1ea1n \u0111\u1eb7t h\u00e0ng v\u1edbi nh\u1eefng s\u1ea3n ph\u1ea9m ch\u1ea5t l\u01b0\u1ee3ng cao nh\u1ea5t c\u1ee7a ch\u00fang t\u00f4i.\t\t\t\t\t\t<\/div>\n\t\t\t\t\t\n\t\t\t\t\t\t\t\t<\/div>\n\t\t<\/div>\n\t\t<\/div>\n\t\t<\/div>\n\t\t\t\t\t\t<\/div>\n\t\t\t\t<div class=\"elementor-element elementor-element-f1590d0 elementor-flip-box--direction-left elementor-flip-box--effect-flip elementor-widget elementor-widget-flip-box\" data-id=\"f1590d0\" data-element_type=\"widget\" data-e-type=\"widget\" data-widget_type=\"flip-box.default\">\n\t\t\t\t\t\t\t<div class=\"elementor-flip-box\" tabindex=\"0\">\n\t\t\t<div class=\"elementor-flip-box__layer elementor-flip-box__front\">\n\t\t\t\t<div class=\"elementor-flip-box__layer__overlay\">\n\t\t\t\t\t<div class=\"elementor-flip-box__layer__inner\">\n\t\t\t\t\t\t\n\t\t\t\t\t\t\n\t\t\t\t\t\t\t\t\t\t\t<\/div>\n\t\t\t\t<\/div>\n\t\t\t<\/div>\n\t\t\t<div class=\"elementor-flip-box__layer elementor-flip-box__back\">\n\t\t\t<div class=\"elementor-flip-box__layer__overlay\">\n\t\t\t\t<div class=\"elementor-flip-box__layer__inner\">\n\t\t\t\t\t\t\t\t\t\t\t<h3 class=\"elementor-flip-box__layer__title\">\n\t\t\t\t\t\t\tD\u00c0NH RI\u00caNG CHO B\u1ea0N\t\t\t\t\t\t<\/h3>\n\t\t\t\t\t\n\t\t\t\t\t\t\t\t\t\t\t<div class=\"elementor-flip-box__layer__description\">\n\t\t\t\t\t\t\tCh\u00fang t\u00f4i ph\u00e1t tri\u1ec3n m\u1ea1nh m\u1ebd \u0111\u1ec3 g\u00e2y d\u1ef1ng m\u1ed9t c\u1ed9ng \u0111\u1ed3ng c\u00e1c ngh\u1ec7 s\u0129, nh\u00e0 thi\u1ebft k\u1ebf\/s\u00e1ng t\u1ea1o v\u00e0 nh\u1eefng ng\u01b0\u1eddi \u0111am m\u00ea ngh\u1ec7 thu\u1eadt. M\u1edf ra c\u01a1 h\u1ed9i gi\u1edbi thi\u1ec7u ngh\u1ec7 thu\u1eadt v\u00e0o cu\u1ed9c s\u1ed1ng h\u00e0ng ng\u00e0y m\u1ed9t c\u00e1ch ch\u00e2n th\u1ef1c v\u00e0 c\u00f3 t\u00ednh \u1ee9ng d\u1ee5ng cao <br>\n\nCh\u00fang t\u00f4i mang \u0111\u1ebfn cho b\u1ea1n c\u01a1 h\u1ed9i t\u00f9y ch\u1ec9nh kh\u00f4ng gian s\u1ed1ng c\u1ee7a m\u00ecnh b\u1eb1ng nh\u1eefng s\u1ea3n ph\u1ea9m v\u00e0 thi\u1ebft k\u1ebf \u0111\u1ed9c \u0111\u00e1o ph\u00f9 h\u1ee3p v\u1edbi b\u1ea1n.\t\t\t\t\t\t<\/div>\n\t\t\t\t\t\n\t\t\t\t\t\t\t\t<\/div>\n\t\t<\/div>\n\t\t<\/div>\n\t\t<\/div>\n\t\t\t\t\t\t<\/div>\n\t\t\t\t<\/div>\n\t\t\t\t<div class=\"elementor-element elementor-element-c344da5 elementor-align-center elementor-widget elementor-widget-button\" data-id=\"c344da5\" data-element_type=\"widget\" data-e-type=\"widget\" data-widget_type=\"button.default\">\n\t\t\t\t\t\t\t\t\t\t<a class=\"elementor-button elementor-button-link elementor-size-sm\" href=\"https:\/\/archculture.art\/en\/blogs\/\">\n\t\t\t\t\t\t<span class=\"elementor-button-content-wrapper\">\n\t\t\t\t\t\t\t\t\t<span class=\"elementor-button-text\">T\u00ccM HI\u1ec2U TH\u00caM T\u1ea0I BLOG<\/span>\n\t\t\t\t\t<\/span>\n\t\t\t\t\t<\/a>\n\t\t\t\t\t\t\t\t<\/div>\n\t\t\t\t\t<\/div>\n\t\t\t\t<\/div>\n\t\t<div class=\"elementor-element elementor-element-4d1eb99 e-flex e-con-boxed e-con e-child\" data-id=\"4d1eb99\" data-element_type=\"container\" data-e-type=\"container\">\n\t\t\t\t\t<div class=\"e-con-inner\">\n\t\t\t\t<div class=\"elementor-element elementor-element-6409519 elementor-widget elementor-widget-heading\" data-id=\"6409519\" data-element_type=\"widget\" data-e-type=\"widget\" data-widget_type=\"heading.default\">\n\t\t\t\t\t<h2 class=\"elementor-heading-title elementor-size-default\"><a href=\"https:\/\/archculture.art\/en\/blogs\/\">\u0110\u00d4I \u0110I\u1ec0U V\u1ec0 ARCH CULTURE<\/a><\/h2>\t\t\t\t<\/div>\n\t\t<div class=\"elementor-element elementor-element-939aab2 e-con-full e-flex e-con e-child\" data-id=\"939aab2\" data-element_type=\"container\" data-e-type=\"container\">\n\t\t<div class=\"elementor-element elementor-element-059c877 e-grid e-con-full e-con e-child\" data-id=\"059c877\" data-element_type=\"container\" data-e-type=\"container\">\n\t\t<div class=\"elementor-element elementor-element-abccb8a e-con-full e-flex e-con e-child\" data-id=\"abccb8a\" data-element_type=\"container\" data-e-type=\"container\">\n\t\t\t\t<div class=\"elementor-element elementor-element-d42b2a9 elementor-flip-box--effect-slide elementor-flip-box--direction-up elementor-widget elementor-widget-flip-box\" data-id=\"d42b2a9\" data-element_type=\"widget\" data-e-type=\"widget\" data-widget_type=\"flip-box.default\">\n\t\t\t\t\t\t\t<div class=\"elementor-flip-box\" tabindex=\"0\">\n\t\t\t<div class=\"elementor-flip-box__layer elementor-flip-box__front\">\n\t\t\t\t<div class=\"elementor-flip-box__layer__overlay\">\n\t\t\t\t\t<div class=\"elementor-flip-box__layer__inner\">\n\t\t\t\t\t\t\n\t\t\t\t\t\t\n\t\t\t\t\t\t\t\t\t\t\t<\/div>\n\t\t\t\t<\/div>\n\t\t\t<\/div>\n\t\t\t<div class=\"elementor-flip-box__layer elementor-flip-box__back\">\n\t\t\t<div class=\"elementor-flip-box__layer__overlay\">\n\t\t\t\t<div class=\"elementor-flip-box__layer__inner\">\n\t\t\t\t\t\n\t\t\t\t\t\t\t\t\t\t\t<div class=\"elementor-flip-box__layer__description\">\n\t\t\t\t\t\t\tBi\u1ebfn kh\u00f4ng gian s\u1ed1ng tr\u1edf th\u00e0nh m\u1ed9t \"home gallery\"\nL\u1ef1a ch\u1ecdn gi\u1eefa nhi\u1ec1u m\u1eabu khung \u0111a d\u1ea1ng v\u00e0 c\u00f2n nhi\u1ec1u l\u1ee3i \u00edch kh\u00e1c                                                                           \n\t\t\t\t\t\t<\/div>\n\t\t\t\t\t\n\t\t\t\t\t\t\t\t<\/div>\n\t\t<\/div>\n\t\t<\/div>\n\t\t<\/div>\n\t\t\t\t\t\t<\/div>\n\t\t\t\t<div class=\"elementor-element elementor-element-9625083 elementor-widget elementor-widget-heading\" data-id=\"9625083\" data-element_type=\"widget\" data-e-type=\"widget\" data-widget_type=\"heading.default\">\n\t\t\t\t\t<h6 class=\"elementor-heading-title elementor-size-default\">L\u1ee2I \u00edch\n<\/h6>\t\t\t\t<\/div>\n\t\t\t\t<\/div>\n\t\t<div class=\"elementor-element elementor-element-81616a6 e-con-full e-flex e-con e-child\" data-id=\"81616a6\" data-element_type=\"container\" data-e-type=\"container\">\n\t\t\t\t<div class=\"elementor-element elementor-element-e0b0ff3 elementor-flip-box--effect-slide elementor-flip-box--direction-up elementor-widget elementor-widget-flip-box\" data-id=\"e0b0ff3\" data-element_type=\"widget\" data-e-type=\"widget\" data-widget_type=\"flip-box.default\">\n\t\t\t\t\t\t\t<div class=\"elementor-flip-box\" tabindex=\"0\">\n\t\t\t<div class=\"elementor-flip-box__layer elementor-flip-box__front\">\n\t\t\t\t<div class=\"elementor-flip-box__layer__overlay\">\n\t\t\t\t\t<div class=\"elementor-flip-box__layer__inner\">\n\t\t\t\t\t\t\n\t\t\t\t\t\t\n\t\t\t\t\t\t\t\t\t\t\t<\/div>\n\t\t\t\t<\/div>\n\t\t\t<\/div>\n\t\t\t<div class=\"elementor-flip-box__layer elementor-flip-box__back\">\n\t\t\t<div class=\"elementor-flip-box__layer__overlay\">\n\t\t\t\t<div class=\"elementor-flip-box__layer__inner\">\n\t\t\t\t\t\n\t\t\t\t\t\t\t\t\t\t\t<div class=\"elementor-flip-box__layer__description\">\n\t\t\t\t\t\t\tArchCulture cam k\u1ebft mang \u0111\u1ebfn s\u1ea3n ph\u1ea9m\nngh\u1ec7 thu\u1eadt ch\u1ea5t l\u01b0\u1ee3ng, mang \u0111\u1eadm c\u00e1 t\u00ednh\nv\u00e0 c\u1ea3m x\u00fac, gi\u00fap b\u1ea1n k\u1ec3 c\u00e2u chuy\u1ec7n c\u1ee7a\nri\u00eang m\u00ecnh qua t\u1eebng b\u1ee9c tranh\t\t\t\t\t\t<\/div>\n\t\t\t\t\t\n\t\t\t\t\t\t\t\t<\/div>\n\t\t<\/div>\n\t\t<\/div>\n\t\t<\/div>\n\t\t\t\t\t\t<\/div>\n\t\t\t\t<div class=\"elementor-element elementor-element-c708853 elementor-widget elementor-widget-heading\" data-id=\"c708853\" data-element_type=\"widget\" data-e-type=\"widget\" data-widget_type=\"heading.default\">\n\t\t\t\t\t<h6 class=\"elementor-heading-title elementor-size-default\">D\u1ecaCH V\u1ee4<\/h6>\t\t\t\t<\/div>\n\t\t\t\t<\/div>\n\t\t<div class=\"elementor-element elementor-element-c1603ce e-con-full e-flex e-con e-child\" data-id=\"c1603ce\" data-element_type=\"container\" data-e-type=\"container\">\n\t\t\t\t<div class=\"elementor-element elementor-element-7f0deb0 elementor-flip-box--effect-slide elementor-flip-box--direction-up elementor-widget elementor-widget-flip-box\" data-id=\"7f0deb0\" data-element_type=\"widget\" data-e-type=\"widget\" data-widget_type=\"flip-box.default\">\n\t\t\t\t\t\t\t<div class=\"elementor-flip-box\" tabindex=\"0\">\n\t\t\t<div class=\"elementor-flip-box__layer elementor-flip-box__front\">\n\t\t\t\t<div class=\"elementor-flip-box__layer__overlay\">\n\t\t\t\t\t<div class=\"elementor-flip-box__layer__inner\">\n\t\t\t\t\t\t\n\t\t\t\t\t\t\n\t\t\t\t\t\t\t\t\t\t\t<\/div>\n\t\t\t\t<\/div>\n\t\t\t<\/div>\n\t\t\t<div class=\"elementor-flip-box__layer elementor-flip-box__back\">\n\t\t\t<div class=\"elementor-flip-box__layer__overlay\">\n\t\t\t\t<div class=\"elementor-flip-box__layer__inner\">\n\t\t\t\t\t\n\t\t\t\t\t\t\t\t\t\t\t<div class=\"elementor-flip-box__layer__description\">\n\t\t\t\t\t\t\tN\u1ebfu c\u00f3 b\u1ea5t k\u1ef3 th\u1eafc m\u1eafc hay c\u00e2u h\u1ecfi g\u00ec, h\u00e3y li\u00ean h\u1ec7 v\u1edbi ch\u00fang t\u00f4i qua email archculture.art@gmail.com \u0111\u1ec3 \u0111\u01b0\u1ee3c h\u1ed7 tr\u1ee3 v\u00e0 gi\u00fap \u0111\u1ee1\t\t\t\t\t\t<\/div>\n\t\t\t\t\t\n\t\t\t\t\t\t\t\t<\/div>\n\t\t<\/div>\n\t\t<\/div>\n\t\t<\/div>\n\t\t\t\t\t\t<\/div>\n\t\t\t\t<div class=\"elementor-element elementor-element-548c2ce elementor-widget elementor-widget-heading\" data-id=\"548c2ce\" data-element_type=\"widget\" data-e-type=\"widget\" data-widget_type=\"heading.default\">\n\t\t\t\t\t<h6 class=\"elementor-heading-title elementor-size-default\">C\u00c1CH TH\u1ee8C <br>\nCONTACT<\/h6>\t\t\t\t<\/div>\n\t\t\t\t<\/div>\n\t\t\t\t<\/div>\n\t\t\t\t<div class=\"elementor-element elementor-element-2fa9b0d elementor-widget__width-initial elementor-widget elementor-widget-text-editor\" data-id=\"2fa9b0d\" data-element_type=\"widget\" data-e-type=\"widget\" data-widget_type=\"text-editor.default\">\n\t\t\t\t\t\t\t\t\t<p>Ai c\u0169ng mong mu\u1ed1n \u0111\u01b0\u1ee3c s\u1ed1ng trong m\u1ed9t kh\u00f4ng gian ph\u1ea3n chi\u1ebfu gu th\u1ea9m m\u1ef9 c\u1ee7a ch\u00ednh m\u00ecnh &#8211; kh\u00f4ng ph\u1ea3i qua nh\u1eefng m\u00f3n \u0111\u1ed3 trang tr\u00ed v\u00f4 th\u01b0\u1edfng v\u00f4 ph\u1ea1t, m\u00e0 qua nh\u1eefng l\u1ef1a ch\u1ecdn c\u00f3 ch\u1ee7 \u0111\u00edch, c\u00f3 c\u1ea3m x\u00fac v\u00e0 mang \u0111\u1eadm m\u00e0u s\u1eafc c\u00e1 nh\u00e2n.\u00a0<\/p><p>ArchCulture ch\u1ecdn tranh l\u00e0m gi\u1ea3i ph\u00e1p cho tr\u0103n tr\u1edf c\u1ee7a b\u1ea1n. Tranh kh\u00f4ng ch\u1ec9 l\u00e0 v\u1eadt trang tr\u00ed \u0111\u01a1n thu\u1ea7n m\u00e0 l\u00e0 s\u1ef1 l\u1ef1a ch\u1ecdn c\u00f3 ch\u1ee7 \u0111\u00edch. L\u00e0 c\u1ea3m h\u1ee9ng g\u1ee3i m\u1edf v\u00e0 truy\u1ec1n \u0111\u1ed9ng l\u1ef1c cho b\u1ea1n m\u1ed7i ng\u00e0y. L\u00e0 m\u00f3n qu\u00e0 \u00fd ngh\u0129a d\u00e0nh cho nh\u1eefng m\u1ed1i quan h\u1ec7 ch\u1ea5t l\u01b0\u1ee3ng. L\u00e0 c\u00e1ch \u0111\u1ec3 kh\u00f4ng gian s\u1ed1ng tr\u1edf n\u00ean s\u1ed1ng \u0111\u1ed9ng, c\u00f3 h\u1ed3n v\u00e0 mang m\u00e0u s\u1eafc c\u1ee7a b\u1ea1n.<\/p>\t\t\t\t\t\t\t\t<\/div>\n\t\t\t\t<\/div>\n\t\t\t\t\t<\/div>\n\t\t\t\t<\/div>\n\t\t\t\t<\/main>\n\t\t<div class=\"elementor-element elementor-element-e7c0f12 e-flex e-con-boxed e-con e-parent\" data-id=\"e7c0f12\" data-element_type=\"container\" data-e-type=\"container\">\n\t\t\t\t\t<div class=\"e-con-inner\">\n\t\t\t\t\t<\/div>\n\t\t\t\t<\/div>\n\t\t\t\t<\/div>","protected":false},"excerpt":{"rendered":"<p>ARCH CULTURE V\u00e0o n\u0103m 2024, sau khi tr\u1ea3i qua s\u1ef1 \u1ea3nh h\u01b0\u1edfng n\u1eb7ng n\u1ec1 c\u1ee7a \u0111\u1ea1i d\u1ecbch COVID-19, founders ch\u00fang [&hellip;]<\/p>\n","protected":false},"author":2,"featured_media":62445,"parent":0,"menu_order":0,"comment_status":"closed","ping_status":"closed","template":"","meta":{"_acf_changed":false,"site-sidebar-layout":"no-sidebar","site-content-layout":"","ast-site-content-layout":"full-width-container","site-content-style":"default","site-sidebar-style":"default","ast-global-header-display":"","ast-banner-title-visibility":"","ast-main-header-display":"","ast-hfb-above-header-display":"","ast-hfb-below-header-display":"","ast-hfb-mobile-header-display":"","site-post-title":"disabled","ast-breadcrumbs-content":"","ast-featured-img":"disabled","footer-sml-layout":"","theme-transparent-header-meta":"","adv-header-id-meta":"","stick-header-meta":"","header-above-stick-meta":"","header-main-stick-meta":"","header-below-stick-meta":"","astra-migrate-meta-layouts":"default","ast-page-background-enabled":"default","ast-page-background-meta":{"desktop":{"background-color":"var(--ast-global-color-4)","background-image":"","background-repeat":"repeat","background-position":"center center","background-size":"auto","background-attachment":"scroll","background-type":"","background-media":"","overlay-type":"","overlay-color":"","overlay-opacity":"","overlay-gradient":""},"tablet":{"background-color":"","background-image":"","background-repeat":"repeat","background-position":"center center","background-size":"auto","background-attachment":"scroll","background-type":"","background-media":"","overlay-type":"","overlay-color":"","overlay-opacity":"","overlay-gradient":""},"mobile":{"background-color":"","background-image":"","background-repeat":"repeat","background-position":"center center","background-size":"auto","background-attachment":"scroll","background-type":"","background-media":"","overlay-type":"","overlay-color":"","overlay-opacity":"","overlay-gradient":""}},"ast-content-background-meta":{"desktop":{"background-color":"var(--ast-global-color-5)","background-image":"","background-repeat":"repeat","background-position":"center center","background-size":"auto","background-attachment":"scroll","background-type":"","background-media":"","overlay-type":"","overlay-color":"","overlay-opacity":"","overlay-gradient":""},"tablet":{"background-color":"var(--ast-global-color-5)","background-image":"","background-repeat":"repeat","background-position":"center center","background-size":"auto","background-attachment":"scroll","background-type":"","background-media":"","overlay-type":"","overlay-color":"","overlay-opacity":"","overlay-gradient":""},"mobile":{"background-color":"var(--ast-global-color-5)","background-image":"","background-repeat":"repeat","background-position":"center center","background-size":"auto","background-attachment":"scroll","background-type":"","background-media":"","overlay-type":"","overlay-color":"","overlay-opacity":"","overlay-gradient":""}},"footnotes":""},"class_list":["post-2273","page","type-page","status-publish","has-post-thumbnail","hentry"],"acf":[],"jetpack_sharing_enabled":true,"jetpack-related-posts":[],"jetpack_shortlink":"https:\/\/wp.me\/Pgd0er-AF","_links":{"self":[{"href":"https:\/\/archculture.art\/en\/wp-json\/wp\/v2\/pages\/2273","targetHints":{"allow":["GET"]}}],"collection":[{"href":"https:\/\/archculture.art\/en\/wp-json\/wp\/v2\/pages"}],"about":[{"href":"https:\/\/archculture.art\/en\/wp-json\/wp\/v2\/types\/page"}],"author":[{"embeddable":true,"href":"https:\/\/archculture.art\/en\/wp-json\/wp\/v2\/users\/2"}],"replies":[{"embeddable":true,"href":"https:\/\/archculture.art\/en\/wp-json\/wp\/v2\/comments?post=2273"}],"version-history":[{"count":0,"href":"https:\/\/archculture.art\/en\/wp-json\/wp\/v2\/pages\/2273\/revisions"}],"wp:featuredmedia":[{"embeddable":true,"href":"https:\/\/archculture.art\/en\/wp-json\/wp\/v2\/media\/62445"}],"wp:attachment":[{"href":"https:\/\/archculture.art\/en\/wp-json\/wp\/v2\/media?parent=2273"}],"curies":[{"name":"wp","href":"https:\/\/api.w.org\/{rel}","templated":true}]}}