{"id":62336,"date":"2025-09-11T12:23:56","date_gmt":"2025-09-11T05:23:56","guid":{"rendered":"https:\/\/archculture.art\/?post_type=product&#038;p=62336"},"modified":"2025-12-17T16:13:45","modified_gmt":"2025-12-17T09:13:45","slug":"kham-su","status":"publish","type":"product","link":"https:\/\/archculture.art\/en\/product\/kham-su\/","title":{"rendered":"KH\u1ea2M S\u1ee8"},"content":{"rendered":"<p>M\u1ed7i ngh\u1ec7 s\u0129 khi tham gia Human of ArchCulture \u0111\u1ec1u mang theo m\u1ed9t c\u00e2u chuy\u1ec7n ri\u00eang. V\u1edbi Vinh Tran, c\u00e2u chuy\u1ec7n \u0111\u00f3 b\u1eaft \u0111\u1ea7u t\u1eeb nh\u1eefng ng\u00e0y th\u01a1 \u1ea5u \u0111\u1ea7y s\u1eafc m\u00e0u, khi ni\u1ec1m vui \u0111\u1ebfn t\u1eeb vi\u1ec7c v\u1ebd l\u1ea1i nh\u00e2n v\u1eadt ho\u1ea1t h\u00ecnh y\u00eau th\u00edch hay ng\u1eafm say s\u01b0a nh\u1eefng b\u1ee9c tranh trong truy\u1ec7n. Nh\u1eefng tr\u1ea3i nghi\u1ec7m \u0111\u01a1n gi\u1ea3n \u1ea5y \u0111\u00e3 nu\u00f4i d\u01b0\u1ee1ng t\u00ecnh y\u00eau s\u00e1ng t\u1ea1o v\u00e0 h\u00ecnh th\u00e0nh n\u1ec1n t\u1ea3ng cho h\u00e0nh tr\u00ecnh ngh\u1ec7 thu\u1eadt c\u1ee7a anh. Khi Vinh ho\u00e0n th\u00e0nh nh\u1eefng b\u1ee9c ch\u00e2n dung \u0111\u1ea7u ti\u00ean, m\u1ed9t kho\u1ea3nh kh\u1eafc gi\u00fap anh nh\u1eadn ra ngh\u1ec7 thu\u1eadt l\u00e0 con \u0111\u01b0\u1eddng b\u1ea3n th\u00e2n mu\u1ed1n \u0111i l\u00e2u d\u00e0i.<\/p>\n<p>&nbsp;<\/p>\n<p><span style=\"font-weight: 400;\">Tranh c\u1ee7a Vinh Tran g\u00e2y \u1ea5n t\u01b0\u1ee3ng ngay t\u1eeb \u00e1nh nh\u00ecn \u0111\u1ea7u ti\u00ean b\u1edfi s\u1ef1 k\u1ebft h\u1ee3p tinh t\u1ebf gi\u1eefa gam m\u00e0u t\u01b0\u01a1i s\u00e1ng v\u00e0 h\u01a1i th\u1edf ho\u00e0i ni\u1ec7m. Nh\u00e2n v\u1eadt trong tranh th\u01b0\u1eddng hi\u1ec7n l\u00ean v\u1edbi \u00e1nh m\u1eaft gi\u00e0u c\u1ea3m x\u00fac, g\u01b0\u01a1ng m\u1eb7t b\u00ecnh y\u00ean, khi\u1ebfn ng\u01b0\u1eddi xem c\u00f3 c\u1ea3m gi\u00e1c nh\u01b0 \u0111ang b\u01b0\u1edbc v\u00e0o m\u1ed9t kho\u1ea3nh kh\u1eafc r\u1ea5t th\u1eadt trong k\u00fd \u1ee9c. <\/span><\/p>","protected":false},"excerpt":{"rendered":"<p>M\u1ed7i ngh\u1ec7 s\u0129 khi tham gia Human of ArchCulture \u0111\u1ec1u mang theo m\u1ed9t c\u00e2u chuy\u1ec7n ri\u00eang. V\u1edbi Vinh Tran, c\u00e2u [&hellip;]<\/p>\n","protected":false},"author":42,"featured_media":62338,"comment_status":"open","ping_status":"closed","template":"","meta":{"_acf_changed":false,"site-sidebar-layout":"default","site-content-layout":"","ast-site-content-layout":"default","site-content-style":"default","site-sidebar-style":"default","ast-global-header-display":"","ast-banner-title-visibility":"","ast-main-header-display":"","ast-hfb-above-header-display":"","ast-hfb-below-header-display":"","ast-hfb-mobile-header-display":"","site-post-title":"","ast-breadcrumbs-content":"","ast-featured-img":"","footer-sml-layout":"","theme-transparent-header-meta":"default","adv-header-id-meta":"","stick-header-meta":"default","header-above-stick-meta":"","header-main-stick-meta":"","header-below-stick-meta":"","astra-migrate-meta-layouts":"set","ast-page-background-enabled":"default","ast-page-background-meta":{"desktop":{"background-color":"var(--ast-global-color-4)","background-image":"","background-repeat":"repeat","background-position":"center center","background-size":"auto","background-attachment":"scroll","background-type":"","background-media":"","overlay-type":"","overlay-color":"","overlay-opacity":"","overlay-gradient":""},"tablet":{"background-color":"","background-image":"","background-repeat":"repeat","background-position":"center center","background-size":"auto","background-attachment":"scroll","background-type":"","background-media":"","overlay-type":"","overlay-color":"","overlay-opacity":"","overlay-gradient":""},"mobile":{"background-color":"","background-image":"","background-repeat":"repeat","background-position":"center center","background-size":"auto","background-attachment":"scroll","background-type":"","background-media":"","overlay-type":"","overlay-color":"","overlay-opacity":"","overlay-gradient":""}},"ast-content-background-meta":{"desktop":{"background-color":"var(--ast-global-color-5)","background-image":"","background-repeat":"repeat","background-position":"center center","background-size":"auto","background-attachment":"scroll","background-type":"","background-media":"","overlay-type":"","overlay-color":"","overlay-opacity":"","overlay-gradient":""},"tablet":{"background-color":"var(--ast-global-color-5)","background-image":"","background-repeat":"repeat","background-position":"center center","background-size":"auto","background-attachment":"scroll","background-type":"","background-media":"","overlay-type":"","overlay-color":"","overlay-opacity":"","overlay-gradient":""},"mobile":{"background-color":"var(--ast-global-color-5)","background-image":"","background-repeat":"repeat","background-position":"center center","background-size":"auto","background-attachment":"scroll","background-type":"","background-media":"","overlay-type":"","overlay-color":"","overlay-opacity":"","overlay-gradient":""}}},"product_brand":[],"product_cat":[116,230,241],"product_tag":[],"painting-color":[],"artist":[242],"class_list":{"0":"post-62336","1":"product","2":"type-product","3":"status-publish","4":"has-post-thumbnail","6":"product_cat-arch-projects","7":"product_cat-glam","8":"product_cat-digital-art","9":"artist-vinh-tran","10":"desktop-align-left","11":"tablet-align-left","12":"mobile-align-left","13":"ast-product-gallery-layout-vertical-slider","14":"ast-magnify-disabled","15":"ast-product-single-variable","17":"first","18":"instock","19":"taxable","20":"shipping-taxable","21":"purchasable","22":"product-type-variable","23":"rtwpvg-product"},"acf":[],"jetpack_sharing_enabled":true,"jetpack-related-posts":[],"_links":{"self":[{"href":"https:\/\/archculture.art\/en\/wp-json\/wp\/v2\/product\/62336","targetHints":{"allow":["GET"]}}],"collection":[{"href":"https:\/\/archculture.art\/en\/wp-json\/wp\/v2\/product"}],"about":[{"href":"https:\/\/archculture.art\/en\/wp-json\/wp\/v2\/types\/product"}],"author":[{"embeddable":true,"href":"https:\/\/archculture.art\/en\/wp-json\/wp\/v2\/users\/42"}],"replies":[{"embeddable":true,"href":"https:\/\/archculture.art\/en\/wp-json\/wp\/v2\/comments?post=62336"}],"wp:featuredmedia":[{"embeddable":true,"href":"https:\/\/archculture.art\/en\/wp-json\/wp\/v2\/media\/62338"}],"wp:attachment":[{"href":"https:\/\/archculture.art\/en\/wp-json\/wp\/v2\/media?parent=62336"}],"wp:term":[{"taxonomy":"product_brand","embeddable":true,"href":"https:\/\/archculture.art\/en\/wp-json\/wp\/v2\/product_brand?post=62336"},{"taxonomy":"product_cat","embeddable":true,"href":"https:\/\/archculture.art\/en\/wp-json\/wp\/v2\/product_cat?post=62336"},{"taxonomy":"product_tag","embeddable":true,"href":"https:\/\/archculture.art\/en\/wp-json\/wp\/v2\/product_tag?post=62336"},{"taxonomy":"painting-color","embeddable":true,"href":"https:\/\/archculture.art\/en\/wp-json\/wp\/v2\/painting-color?post=62336"},{"taxonomy":"artist","embeddable":true,"href":"https:\/\/archculture.art\/en\/wp-json\/wp\/v2\/artist?post=62336"}],"curies":[{"name":"wp","href":"https:\/\/api.w.org\/{rel}","templated":true}]}}