{"id":66833,"date":"2025-12-17T14:20:24","date_gmt":"2025-12-17T07:20:24","guid":{"rendered":"https:\/\/archculture.art\/?post_type=product&#038;p=66833"},"modified":"2025-12-26T10:43:36","modified_gmt":"2025-12-26T03:43:36","slug":"golden-kettle","status":"publish","type":"product","link":"https:\/\/archculture.art\/en\/product\/golden-kettle\/","title":{"rendered":"Golden Kettle"},"content":{"rendered":"<p><span style=\"font-weight: 400;\">Bi\u1ebfn ng\u00f4i nh\u00e0 c\u1ee7a b\u1ea1n th\u00e0nh m\u1ed9t ph\u00f2ng tr\u01b0ng tranh c\u00e1 nh\u00e2n v\u1edbi nh\u1eefng t\u00e1c ph\u1ea9m ngh\u1ec7 thu\u1eadt \u0111\u1ed9c \u0111\u00e1o mang d\u1ea5u \u1ea5n ri\u00eang. M\u1ed7i t\u00e1c ph\u1ea9m l\u00e0 m\u1ed9t s\u1ef1 t\u00f4n vinh s\u00e1ng t\u1ea1o, \u0111\u01b0\u1ee3c in tr\u00ean gi\u1ea5y cao c\u1ea5p, t\u00e1i hi\u1ec7n m\u1ecdi chi ti\u1ebft s\u1ed1ng \u0111\u1ed9ng. T\u1ea1i ArchCulture, ch\u00fang t\u00f4i tin r\u1eb1ng m\u1ed7i khu v\u1ef1c l\u00e0 m\u1ed9t kho\u1ea3ng kh\u00f4ng gian s\u00e1ng t\u1ea1o ch\u1edd \u0111\u01b0\u1ee3c trang tr\u00ed v\u1edbi nh\u1eefng t\u00e1c ph\u1ea9m th\u1ec3 hi\u1ec7n c\u00e1 t\u00ednh v\u00e0 gu th\u1ea9m m\u1ef9 c\u1ee7a b\u1ea1n. B\u1ed9 s\u01b0u t\u1eadp tranh in v\u00e0 tranh in c\u00f3 khung c\u1ee7a ch\u00fang t\u00f4i \u0111\u01b0\u1ee3c tuy\u1ec3n ch\u1ecdn k\u1ef9 l\u01b0\u1ee1ng, mang \u0111\u1ebfn s\u1ef1 c\u1ea3m h\u1ee9ng v\u00e0 tinh th\u1ea7n s\u00e1ng t\u1ea1o cho b\u1ea5t k\u1ef3 kh\u00f4ng gian n\u00e0o.<\/span><\/p>\n<p>&nbsp;<\/p>\n<p><span style=\"font-weight: 400;\">Tranh in c\u1ee7a ch\u00fang t\u00f4i kh\u00f4ng ch\u1ec9 \u0111\u1eb9p m\u1eaft m\u00e0 c\u00f2n b\u1ec1n b\u1ec9 theo th\u1eddi gian. M\u1ed7i b\u1ee9c tranh \u0111\u01b0\u1ee3c s\u1ea3n xu\u1ea5t c\u1ea9n th\u1eadn, mang l\u1ea1i m\u00e0u s\u1eafc r\u1ef1c r\u1ee1 v\u00e0 \u0111\u1ed9 n\u00e9t cao. Ho\u00e0n thi\u1ec7n t\u00e1c ph\u1ea9m ngh\u1ec7 thu\u1eadt c\u1ee7a b\u1ea1n v\u1edbi nhi\u1ec1u t\u00f9y ch\u1ecdn khung g\u1ed7 sang tr\u1ecdng ho\u1eb7c khung g\u1ed7 c\u1ed5 \u0111i\u1ec3n, gi\u00fap b\u1ea1n d\u1ec5 d\u00e0ng tr\u01b0ng b\u00e0y ngay l\u1eadp t\u1ee9c. T\u1ea1i ArchCulture, ch\u00fang t\u00f4i gi\u00fap b\u1ea1n th\u1ec3 hi\u1ec7n phong c\u00e1ch c\u00e1 nh\u00e2n th\u00f4ng qua ngh\u1ec7 thu\u1eadt. Kh\u00e1m ph\u00e1 ngay b\u1ed9 s\u01b0u t\u1eadp v\u00e0 c\u1ea3m nh\u1eadn s\u1ee9c m\u1ea1nh bi\u1ebfn \u0111\u1ed5i kh\u00f4ng gian c\u1ee7a nh\u1eefng t\u00e1c ph\u1ea9m ngh\u1ec7 thu\u1eadt tuy\u1ec7t \u0111\u1eb9p.<\/span><\/p>\n<p>&nbsp;<\/p>\n<p><strong>Th\u00f4ng s\u1ed1 k\u1ef9 thu\u1eadt: <\/strong><\/p>\n<p><span style=\"font-weight: 400;\">&#8211; Gi\u1ea5y m\u1ef9 thu\u1eadt 300gsm kh\u00f4ng ch\u1ee9a axit v\u00e0 lignin.<\/span><\/p>\n<p><span style=\"font-weight: 400;\">&#8211; L\u1edbp ho\u00e0n thi\u1ec7n m\u1edd cho m\u00e0u s\u1eafc phong ph\u00fa, b\u00e3o ho\u00e0.<\/span><\/p>\n<p><span style=\"font-weight: 400;\">&#8211; M\u1ef1c ch\u1ea5t l\u01b0\u1ee3ng ph\u00f2ng tranh cho \u0111\u1ed9 s\u1ed1ng \u0111\u1ed9ng l\u00e2u d\u00e0i.<\/span><\/p>\n<p><span style=\"font-weight: 400;\">&#8211; K\u00ednh acrylic ch\u1ed1ng v\u1ee1 cao c\u1ea5p.<\/span><\/p>\n<p><span style=\"font-weight: 400;\">&#8211; Bao g\u1ed3m ph\u1ee5 ki\u1ec7n treo l\u1eafp, m\u00f3c treo b\u1eb1ng d\u00e2y ho\u1eb7c r\u0103ng c\u01b0a t\u00f9y theo k\u00edch th\u01b0\u1edbc.<\/span><\/p>\n<p><span style=\"font-weight: 400;\">&#8211; M\u1ed7i \u0111\u01a1n h\u00e0ng \u0111\u1ec1u \u0111\u01b0\u1ee3c l\u00e0m ri\u00eang cho b\u1ea1n.<\/span><\/p>","protected":false},"excerpt":{"rendered":"<p>Bi\u1ebfn ng\u00f4i nh\u00e0 c\u1ee7a b\u1ea1n th\u00e0nh m\u1ed9t ph\u00f2ng tr\u01b0ng tranh c\u00e1 nh\u00e2n v\u1edbi nh\u1eefng t\u00e1c ph\u1ea9m ngh\u1ec7 thu\u1eadt \u0111\u1ed9c \u0111\u00e1o [&hellip;]<\/p>\n","protected":false},"author":7,"featured_media":10821,"comment_status":"open","ping_status":"closed","template":"","meta":{"_acf_changed":false,"site-sidebar-layout":"default","site-content-layout":"","ast-site-content-layout":"default","site-content-style":"default","site-sidebar-style":"default","ast-global-header-display":"","ast-banner-title-visibility":"","ast-main-header-display":"","ast-hfb-above-header-display":"","ast-hfb-below-header-display":"","ast-hfb-mobile-header-display":"","site-post-title":"","ast-breadcrumbs-content":"","ast-featured-img":"","footer-sml-layout":"","theme-transparent-header-meta":"default","adv-header-id-meta":"","stick-header-meta":"default","header-above-stick-meta":"","header-main-stick-meta":"","header-below-stick-meta":"","astra-migrate-meta-layouts":"set","ast-page-background-enabled":"default","ast-page-background-meta":{"desktop":{"background-color":"var(--ast-global-color-4)","background-image":"","background-repeat":"repeat","background-position":"center center","background-size":"auto","background-attachment":"scroll","background-type":"","background-media":"","overlay-type":"","overlay-color":"","overlay-opacity":"","overlay-gradient":""},"tablet":{"background-color":"","background-image":"","background-repeat":"repeat","background-position":"center center","background-size":"auto","background-attachment":"scroll","background-type":"","background-media":"","overlay-type":"","overlay-color":"","overlay-opacity":"","overlay-gradient":""},"mobile":{"background-color":"","background-image":"","background-repeat":"repeat","background-position":"center center","background-size":"auto","background-attachment":"scroll","background-type":"","background-media":"","overlay-type":"","overlay-color":"","overlay-opacity":"","overlay-gradient":""}},"ast-content-background-meta":{"desktop":{"background-color":"var(--ast-global-color-5)","background-image":"","background-repeat":"repeat","background-position":"center center","background-size":"auto","background-attachment":"scroll","background-type":"","background-media":"","overlay-type":"","overlay-color":"","overlay-opacity":"","overlay-gradient":""},"tablet":{"background-color":"var(--ast-global-color-5)","background-image":"","background-repeat":"repeat","background-position":"center center","background-size":"auto","background-attachment":"scroll","background-type":"","background-media":"","overlay-type":"","overlay-color":"","overlay-opacity":"","overlay-gradient":""},"mobile":{"background-color":"var(--ast-global-color-5)","background-image":"","background-repeat":"repeat","background-position":"center center","background-size":"auto","background-attachment":"scroll","background-type":"","background-media":"","overlay-type":"","overlay-color":"","overlay-opacity":"","overlay-gradient":""}}},"product_brand":[],"product_cat":[115,130],"product_tag":[],"painting-color":[],"artist":[],"class_list":{"0":"post-66833","1":"product","2":"type-product","3":"status-publish","4":"has-post-thumbnail","6":"product_cat-arch-prints","7":"product_cat-antique","8":"desktop-align-left","9":"tablet-align-left","10":"mobile-align-left","11":"ast-product-gallery-layout-vertical-slider","12":"ast-product-gallery-with-no-image","13":"ast-magnify-disabled","14":"ast-product-single-variable","16":"first","17":"instock","18":"taxable","19":"shipping-taxable","20":"purchasable","21":"product-type-variable","22":"rtwpvg-product"},"acf":[],"jetpack_sharing_enabled":true,"jetpack-related-posts":[],"_links":{"self":[{"href":"https:\/\/archculture.art\/en\/wp-json\/wp\/v2\/product\/66833","targetHints":{"allow":["GET"]}}],"collection":[{"href":"https:\/\/archculture.art\/en\/wp-json\/wp\/v2\/product"}],"about":[{"href":"https:\/\/archculture.art\/en\/wp-json\/wp\/v2\/types\/product"}],"author":[{"embeddable":true,"href":"https:\/\/archculture.art\/en\/wp-json\/wp\/v2\/users\/7"}],"replies":[{"embeddable":true,"href":"https:\/\/archculture.art\/en\/wp-json\/wp\/v2\/comments?post=66833"}],"wp:featuredmedia":[{"embeddable":true,"href":"https:\/\/archculture.art\/en\/wp-json\/wp\/v2\/media\/10821"}],"wp:attachment":[{"href":"https:\/\/archculture.art\/en\/wp-json\/wp\/v2\/media?parent=66833"}],"wp:term":[{"taxonomy":"product_brand","embeddable":true,"href":"https:\/\/archculture.art\/en\/wp-json\/wp\/v2\/product_brand?post=66833"},{"taxonomy":"product_cat","embeddable":true,"href":"https:\/\/archculture.art\/en\/wp-json\/wp\/v2\/product_cat?post=66833"},{"taxonomy":"product_tag","embeddable":true,"href":"https:\/\/archculture.art\/en\/wp-json\/wp\/v2\/product_tag?post=66833"},{"taxonomy":"painting-color","embeddable":true,"href":"https:\/\/archculture.art\/en\/wp-json\/wp\/v2\/painting-color?post=66833"},{"taxonomy":"artist","embeddable":true,"href":"https:\/\/archculture.art\/en\/wp-json\/wp\/v2\/artist?post=66833"}],"curies":[{"name":"wp","href":"https:\/\/api.w.org\/{rel}","templated":true}]}}