{"id":67646,"date":"2025-12-17T15:55:11","date_gmt":"2025-12-17T08:55:11","guid":{"rendered":"https:\/\/archculture.art\/?post_type=product&#038;p=67646"},"modified":"2025-12-26T10:45:18","modified_gmt":"2025-12-26T03:45:18","slug":"bubble","status":"publish","type":"product","link":"https:\/\/archculture.art\/en\/product\/bubble\/","title":{"rendered":"BUBBLE"},"content":{"rendered":"<p><strong>Bi\u1ebfn kh\u00f4ng gian c\u1ee7a b\u1ea1n th\u00e0nh m\u1ed9t ph\u00f2ng tr\u01b0ng tranh c\u00e1 nh\u00e2n v\u1edbi nh\u1eefng t\u00e1c ph\u1ea9m ngh\u1ec7 thu\u1eadt \u0111\u1ed9c \u0111\u00e1o mang d\u1ea5u \u1ea5n ri\u00eang.<\/strong><\/p>\n<p><span style=\"font-weight: 400;\"> M\u1ed7i t\u00e1c ph\u1ea9m l\u00e0 m\u1ed9t s\u1ef1 t\u00f4n vinh s\u00e1ng t\u1ea1o, \u0111\u01b0\u1ee3c in tr\u00ean gi\u1ea5y cao c\u1ea5p, t\u00e1i hi\u1ec7n m\u1ecdi chi ti\u1ebft s\u1ed1ng \u0111\u1ed9ng. M\u1ed7i khu v\u1ef1c l\u00e0 m\u1ed9t kho\u1ea3ng kh\u00f4ng gian s\u00e1ng t\u1ea1o ch\u1edd \u0111\u01b0\u1ee3c trang tr\u00ed v\u1edbi nh\u1eefng t\u00e1c ph\u1ea9m th\u1ec3 hi\u1ec7n c\u00e1 t\u00ednh v\u00e0 gu th\u1ea9m m\u1ef9 c\u1ee7a b\u1ea1n. M\u1ed7i t\u00e1c ph\u1ea9m l\u00e0 m\u1ed9t n\u00fat th\u1eaft, c\u00e2u chuy\u1ec7n c\u1ee7a nh\u1eefng ng\u01b0\u1eddi h\u1ecda s\u0129. Vi\u1ec7c s\u1eed h\u1eefu t\u00e1c ph\u1ea9m l\u00e0 m\u1ed9t qu\u00e1 tr\u00ecnh th\u1ea5u hi\u1ec3u: n\u01a1i g\u1eafn li\u1ec1n v\u1edbi tr\u1ea3i nghi\u1ec7m ho\u1eb7c c\u00e2u chuy\u1ec7n c\u1ee7a ch\u00fang ta; ho\u1eb7c c\u00f3 th\u1ec3 l\u00e0 s\u1ef1 \u0111\u1ed3ng \u0111i\u1ec7u v\u00e0 c\u1ea3m x\u00fac &amp; tinh th\u1ea7n; hay ch\u1ec9 \u0111\u01a1n gi\u1ea3n l\u00e0 l\u00e0m \u0111\u1eb9p kh\u00f4ng gian , t\u1ea1o ra m\u1ed9t m\u00f4i tr\u01b0\u1eddng h\u00e0i h\u00f2a, d\u1ec5 ch\u1ecbu v\u00e0 gi\u00e0u c\u1ea3m h\u1ee9ng. V\u00e0 ArchCulture r\u1ea5t l\u1ea5y l\u00e0m h\u1ea1nh ph\u00fac khi l\u00e0 c\u1ea7u n\u1ed1i gi\u1eefa &#8220;t\u00e2m h\u1ed3n&#8221; c\u1ee7a t\u00e1c gi\u1ea3 v\u00e0 tinh th\u1ea7n s\u00e1ng t\u1ea1o c\u1ee7a c\u1ed9ng \u0111\u1ed3ng y\u00eau ngh\u1ec7 thu\u1eadt.<\/span><\/p>\n<p><span style=\"font-weight: 400;\"> S\u1ea3n ph\u1ea9m c\u1ee7a ch\u00fang t\u00f4i kh\u00f4ng ch\u1ec9 \u0111\u1eb9p m\u1eaft m\u00e0 c\u00f2n b\u1ec1n b\u1ec9 theo th\u1eddi gian. M\u1ed7i s\u1ea3n ph\u1ea9m \u0111\u01b0\u1ee3c s\u1ea3n xu\u1ea5t c\u1ea9n th\u1eadn, mang l\u1ea1i m\u00e0u s\u1eafc r\u1ef1c r\u1ee1 v\u00e0 \u0111\u1ed9 n\u00e9t cao. Ho\u00e0n thi\u1ec7n t\u00e1c ph\u1ea9m ngh\u1ec7 thu\u1eadt c\u1ee7a b\u1ea1n v\u1edbi nhi\u1ec1u t\u00f9y ch\u1ecdn khung g\u1ed7 sang tr\u1ecdng ho\u1eb7c khung g\u1ed7 c\u1ed5 \u0111i\u1ec3n, gi\u00fap b\u1ea1n d\u1ec5 d\u00e0ng tr\u01b0ng b\u00e0y ngay l\u1eadp t\u1ee9c. T\u1ea1i ArchCulture, ch\u00fang t\u00f4i gi\u00fap b\u1ea1n th\u1ec3 hi\u1ec7n phong c\u00e1ch c\u00e1 nh\u00e2n th\u00f4ng qua ngh\u1ec7 thu\u1eadt. Kh\u00e1m ph\u00e1 ngay b\u1ed9 s\u01b0u t\u1eadp v\u00e0 c\u1ea3m nh\u1eadn s\u1ee9c m\u1ea1nh bi\u1ebfn \u0111\u1ed5i kh\u00f4ng gian c\u1ee7a nh\u1eefng t\u00e1c ph\u1ea9m ngh\u1ec7 thu\u1eadt tuy\u1ec7t \u0111\u1eb9p.<\/span><\/p>","protected":false},"excerpt":{"rendered":"<p>Bi\u1ebfn kh\u00f4ng gian c\u1ee7a b\u1ea1n th\u00e0nh m\u1ed9t ph\u00f2ng tr\u01b0ng tranh c\u00e1 nh\u00e2n v\u1edbi nh\u1eefng t\u00e1c ph\u1ea9m ngh\u1ec7 thu\u1eadt \u0111\u1ed9c \u0111\u00e1o [&hellip;]<\/p>\n","protected":false},"author":42,"featured_media":60786,"comment_status":"open","ping_status":"closed","template":"","meta":{"_acf_changed":false,"site-sidebar-layout":"default","site-content-layout":"","ast-site-content-layout":"default","site-content-style":"default","site-sidebar-style":"default","ast-global-header-display":"","ast-banner-title-visibility":"","ast-main-header-display":"","ast-hfb-above-header-display":"","ast-hfb-below-header-display":"","ast-hfb-mobile-header-display":"","site-post-title":"","ast-breadcrumbs-content":"","ast-featured-img":"","footer-sml-layout":"","theme-transparent-header-meta":"default","adv-header-id-meta":"","stick-header-meta":"default","header-above-stick-meta":"","header-main-stick-meta":"","header-below-stick-meta":"","astra-migrate-meta-layouts":"set","ast-page-background-enabled":"default","ast-page-background-meta":{"desktop":{"background-color":"var(--ast-global-color-4)","background-image":"","background-repeat":"repeat","background-position":"center center","background-size":"auto","background-attachment":"scroll","background-type":"","background-media":"","overlay-type":"","overlay-color":"","overlay-opacity":"","overlay-gradient":""},"tablet":{"background-color":"","background-image":"","background-repeat":"repeat","background-position":"center center","background-size":"auto","background-attachment":"scroll","background-type":"","background-media":"","overlay-type":"","overlay-color":"","overlay-opacity":"","overlay-gradient":""},"mobile":{"background-color":"","background-image":"","background-repeat":"repeat","background-position":"center center","background-size":"auto","background-attachment":"scroll","background-type":"","background-media":"","overlay-type":"","overlay-color":"","overlay-opacity":"","overlay-gradient":""}},"ast-content-background-meta":{"desktop":{"background-color":"var(--ast-global-color-5)","background-image":"","background-repeat":"repeat","background-position":"center center","background-size":"auto","background-attachment":"scroll","background-type":"","background-media":"","overlay-type":"","overlay-color":"","overlay-opacity":"","overlay-gradient":""},"tablet":{"background-color":"var(--ast-global-color-5)","background-image":"","background-repeat":"repeat","background-position":"center center","background-size":"auto","background-attachment":"scroll","background-type":"","background-media":"","overlay-type":"","overlay-color":"","overlay-opacity":"","overlay-gradient":""},"mobile":{"background-color":"var(--ast-global-color-5)","background-image":"","background-repeat":"repeat","background-position":"center center","background-size":"auto","background-attachment":"scroll","background-type":"","background-media":"","overlay-type":"","overlay-color":"","overlay-opacity":"","overlay-gradient":""}}},"product_brand":[],"product_cat":[115,230,231],"product_tag":[],"painting-color":[],"artist":[242],"class_list":{"0":"post-67646","1":"product","2":"type-product","3":"status-publish","4":"has-post-thumbnail","6":"product_cat-arch-prints","7":"product_cat-glam","8":"product_cat-impressionism","9":"artist-vinh-tran","10":"desktop-align-left","11":"tablet-align-left","12":"mobile-align-left","13":"ast-product-gallery-layout-vertical-slider","14":"ast-product-gallery-with-no-image","15":"ast-magnify-disabled","16":"ast-product-single-variable","18":"first","19":"instock","20":"taxable","21":"shipping-taxable","22":"purchasable","23":"product-type-variable","24":"rtwpvg-product"},"acf":[],"jetpack_sharing_enabled":true,"jetpack-related-posts":[],"_links":{"self":[{"href":"https:\/\/archculture.art\/en\/wp-json\/wp\/v2\/product\/67646","targetHints":{"allow":["GET"]}}],"collection":[{"href":"https:\/\/archculture.art\/en\/wp-json\/wp\/v2\/product"}],"about":[{"href":"https:\/\/archculture.art\/en\/wp-json\/wp\/v2\/types\/product"}],"author":[{"embeddable":true,"href":"https:\/\/archculture.art\/en\/wp-json\/wp\/v2\/users\/42"}],"replies":[{"embeddable":true,"href":"https:\/\/archculture.art\/en\/wp-json\/wp\/v2\/comments?post=67646"}],"wp:featuredmedia":[{"embeddable":true,"href":"https:\/\/archculture.art\/en\/wp-json\/wp\/v2\/media\/60786"}],"wp:attachment":[{"href":"https:\/\/archculture.art\/en\/wp-json\/wp\/v2\/media?parent=67646"}],"wp:term":[{"taxonomy":"product_brand","embeddable":true,"href":"https:\/\/archculture.art\/en\/wp-json\/wp\/v2\/product_brand?post=67646"},{"taxonomy":"product_cat","embeddable":true,"href":"https:\/\/archculture.art\/en\/wp-json\/wp\/v2\/product_cat?post=67646"},{"taxonomy":"product_tag","embeddable":true,"href":"https:\/\/archculture.art\/en\/wp-json\/wp\/v2\/product_tag?post=67646"},{"taxonomy":"painting-color","embeddable":true,"href":"https:\/\/archculture.art\/en\/wp-json\/wp\/v2\/painting-color?post=67646"},{"taxonomy":"artist","embeddable":true,"href":"https:\/\/archculture.art\/en\/wp-json\/wp\/v2\/artist?post=67646"}],"curies":[{"name":"wp","href":"https:\/\/api.w.org\/{rel}","templated":true}]}}