{"id":68442,"date":"2026-01-08T15:03:16","date_gmt":"2026-01-08T08:03:16","guid":{"rendered":"https:\/\/archculture.art\/?post_type=product&#038;p=68442"},"modified":"2026-01-08T17:20:30","modified_gmt":"2026-01-08T10:20:30","slug":"mike-tygher","status":"publish","type":"product","link":"https:\/\/archculture.art\/en\/product\/mike-tygher\/","title":{"rendered":"MIKE TYGHER"},"content":{"rendered":"<p>Designer, DJ, Event Organizer, Artist and more&#8230;<\/p>\n<p>T\u1eeb nh\u1eefng n\u0103m r\u1ea5t s\u1edbm, CROWZII \u0111\u00e3 g\u1eafn v\u1edbi h\u00ecnh \u1ea3nh, nh\u1ecbp \u0111i\u1ec7u v\u00e0 v\u0103n ho\u00e1 \u0111\u01b0\u1eddng ph\u1ed1, b\u1eaft \u0111\u1ea7u t\u1eeb nh\u1eefng ti\u1ebft m\u1ef9 thu\u1eadt khi c\u00f2n b\u00e9, r\u1ed3i t\u1ef1 m\u00e0y m\u00f2 hiphop, graffiti, graphic v\u00e0 m\u1ecdi th\u1ee9 li\u00ean quan. Anh nh\u00ecn th\u1ebf gi\u1edbi b\u1eb1ng b\u1ed1 c\u1ee5c, b\u1eb1ng m\u00e0u, b\u1eb1ng nh\u1ecbp, v\u00e0 d\u00f9ng s\u00e1ng t\u1ea1o nh\u01b0 m\u1ed9t c\u00e1ch ph\u1ea3n x\u1ea1 v\u1edbi \u0111\u1eddi s\u1ed1ng, l\u00fac th\u00ec qua visual, l\u00fac th\u00ec qua \u00e2m thanh, l\u00fac th\u00ec quay v\u1ec1 v\u1ebd \u0111\u1ec3 x\u1ea3 n\u0103ng l\u01b0\u1ee3ng.<\/p>\n<p>\u0110i qua nhi\u1ec1u vai tr\u00f2 c\u0169ng \u0111\u1ed3ng ngh\u0129a v\u1edbi vi\u1ec7c bu\u1ed9c b\u1ea3n th\u00e2n k\u1ef7 lu\u1eadt h\u01a1n v\u1edbi s\u00e1ng t\u1ea1o. rong c\u00e1c t\u00e1c ph\u1ea9m, CROWZII quan t\u00e2m \u0111\u1ebfn c\u00e2u chuy\u1ec7n, n\u01a1i \u0111\u01b0\u1eddng n\u00e9t, m\u00e0u s\u1eafc v\u00e0 b\u1ed1 c\u1ee5c c\u00f9ng k\u1ec3 l\u1ea1i tr\u1ea3i nghi\u1ec7m s\u1ed1ng r\u1ea5t th\u1eadt c\u1ee7a ng\u01b0\u1eddi l\u00e0m ra n\u00f3. S\u1ef1 xu\u1ea5t hi\u1ec7n c\u1ee7a CROWZII trong Human of ArchCulture mang \u0111\u1ebfn m\u1ed9t ngu\u1ed3n n\u0103ng l\u01b0\u1ee3ng r\u1ea5t tr\u1ebb v\u00e0 r\u1ea5t \u0111\u01b0\u01a1ng \u0111\u1ea1i, n\u01a1i s\u00e1ng t\u1ea1o g\u1eafn li\u1ec1n v\u1edbi nh\u1ecbp s\u1ed1ng, kh\u00f4ng trau chu\u1ed1t qu\u00e1 m\u1ee9c nh\u01b0ng lu\u00f4n c\u00f3 chi\u1ec1u s\u00e2u \u0111\u1ec3 ng\u01b0\u1eddi xem t\u1ef1 b\u01b0\u1edbc v\u00e0o.<\/p>","protected":false},"excerpt":{"rendered":"<p>Designer, DJ, Event Organizer, Artist and more&#8230; T\u1eeb nh\u1eefng n\u0103m r\u1ea5t s\u1edbm, CROWZII \u0111\u00e3 g\u1eafn v\u1edbi h\u00ecnh \u1ea3nh, nh\u1ecbp \u0111i\u1ec7u [&hellip;]<\/p>\n","protected":false},"author":46,"featured_media":68446,"comment_status":"open","ping_status":"closed","template":"","meta":{"_acf_changed":false,"site-sidebar-layout":"default","site-content-layout":"","ast-site-content-layout":"default","site-content-style":"default","site-sidebar-style":"default","ast-global-header-display":"","ast-banner-title-visibility":"","ast-main-header-display":"","ast-hfb-above-header-display":"","ast-hfb-below-header-display":"","ast-hfb-mobile-header-display":"","site-post-title":"","ast-breadcrumbs-content":"","ast-featured-img":"","footer-sml-layout":"","theme-transparent-header-meta":"default","adv-header-id-meta":"","stick-header-meta":"default","header-above-stick-meta":"","header-main-stick-meta":"","header-below-stick-meta":"","astra-migrate-meta-layouts":"set","ast-page-background-enabled":"default","ast-page-background-meta":{"desktop":{"background-color":"var(--ast-global-color-4)","background-image":"","background-repeat":"repeat","background-position":"center center","background-size":"auto","background-attachment":"scroll","background-type":"","background-media":"","overlay-type":"","overlay-color":"","overlay-opacity":"","overlay-gradient":""},"tablet":{"background-color":"","background-image":"","background-repeat":"repeat","background-position":"center center","background-size":"auto","background-attachment":"scroll","background-type":"","background-media":"","overlay-type":"","overlay-color":"","overlay-opacity":"","overlay-gradient":""},"mobile":{"background-color":"","background-image":"","background-repeat":"repeat","background-position":"center center","background-size":"auto","background-attachment":"scroll","background-type":"","background-media":"","overlay-type":"","overlay-color":"","overlay-opacity":"","overlay-gradient":""}},"ast-content-background-meta":{"desktop":{"background-color":"var(--ast-global-color-5)","background-image":"","background-repeat":"repeat","background-position":"center center","background-size":"auto","background-attachment":"scroll","background-type":"","background-media":"","overlay-type":"","overlay-color":"","overlay-opacity":"","overlay-gradient":""},"tablet":{"background-color":"var(--ast-global-color-5)","background-image":"","background-repeat":"repeat","background-position":"center center","background-size":"auto","background-attachment":"scroll","background-type":"","background-media":"","overlay-type":"","overlay-color":"","overlay-opacity":"","overlay-gradient":""},"mobile":{"background-color":"var(--ast-global-color-5)","background-image":"","background-repeat":"repeat","background-position":"center center","background-size":"auto","background-attachment":"scroll","background-type":"","background-media":"","overlay-type":"","overlay-color":"","overlay-opacity":"","overlay-gradient":""}}},"product_brand":[],"product_cat":[116,211,232,241],"product_tag":[],"painting-color":[],"artist":[262],"class_list":{"0":"post-68442","1":"product","2":"type-product","3":"status-publish","4":"has-post-thumbnail","6":"product_cat-arch-projects","7":"product_cat-abstract","8":"product_cat-pop-art","9":"product_cat-digital-art","10":"artist-crowzii","11":"desktop-align-left","12":"tablet-align-left","13":"mobile-align-left","14":"ast-product-gallery-layout-vertical-slider","15":"ast-magnify-disabled","16":"ast-product-single-variable","18":"first","19":"instock","20":"taxable","21":"shipping-taxable","22":"purchasable","23":"product-type-variable","24":"rtwpvg-product"},"acf":[],"jetpack_sharing_enabled":true,"jetpack-related-posts":[],"_links":{"self":[{"href":"https:\/\/archculture.art\/en\/wp-json\/wp\/v2\/product\/68442","targetHints":{"allow":["GET"]}}],"collection":[{"href":"https:\/\/archculture.art\/en\/wp-json\/wp\/v2\/product"}],"about":[{"href":"https:\/\/archculture.art\/en\/wp-json\/wp\/v2\/types\/product"}],"author":[{"embeddable":true,"href":"https:\/\/archculture.art\/en\/wp-json\/wp\/v2\/users\/46"}],"replies":[{"embeddable":true,"href":"https:\/\/archculture.art\/en\/wp-json\/wp\/v2\/comments?post=68442"}],"wp:featuredmedia":[{"embeddable":true,"href":"https:\/\/archculture.art\/en\/wp-json\/wp\/v2\/media\/68446"}],"wp:attachment":[{"href":"https:\/\/archculture.art\/en\/wp-json\/wp\/v2\/media?parent=68442"}],"wp:term":[{"taxonomy":"product_brand","embeddable":true,"href":"https:\/\/archculture.art\/en\/wp-json\/wp\/v2\/product_brand?post=68442"},{"taxonomy":"product_cat","embeddable":true,"href":"https:\/\/archculture.art\/en\/wp-json\/wp\/v2\/product_cat?post=68442"},{"taxonomy":"product_tag","embeddable":true,"href":"https:\/\/archculture.art\/en\/wp-json\/wp\/v2\/product_tag?post=68442"},{"taxonomy":"painting-color","embeddable":true,"href":"https:\/\/archculture.art\/en\/wp-json\/wp\/v2\/painting-color?post=68442"},{"taxonomy":"artist","embeddable":true,"href":"https:\/\/archculture.art\/en\/wp-json\/wp\/v2\/artist?post=68442"}],"curies":[{"name":"wp","href":"https:\/\/api.w.org\/{rel}","templated":true}]}}