{"id":68500,"date":"2026-01-29T16:08:54","date_gmt":"2026-01-29T09:08:54","guid":{"rendered":"https:\/\/archculture.art\/?post_type=product&#038;p=68500"},"modified":"2026-03-04T10:02:46","modified_gmt":"2026-03-04T03:02:46","slug":"red","status":"publish","type":"product","link":"https:\/\/archculture.art\/en\/product\/red\/","title":{"rendered":"RED"},"content":{"rendered":"<p>Yu The Bad Art, t\u00ean th\u1eadt l\u00e0 Nguy\u1ec5n Ti\u1ebfn D\u0169ng, sinh n\u0103m 1999, \u0111\u1ebfn t\u1eeb B\u1eafc Giang v\u00e0 hi\u1ec7n sinh s\u1ed1ng, l\u00e0m vi\u1ec7c t\u1ea1i H\u00e0 N\u1ed9i. H\u00e0nh tr\u00ecnh \u0111\u1ebfn v\u1edbi ngh\u1ec7 thu\u1eadt c\u1ee7a Yu kh\u00f4ng kh\u1edfi \u0111\u1ea7u t\u1eeb ni\u1ec1m y\u00eau th\u00edch s\u1edbm hay m\u1ed9t \u0111\u1ecbnh h\u01b0\u1edbng r\u00f5 r\u00e0ng. Trong nh\u1eefng n\u0103m ph\u1ed5 th\u00f4ng, Yu h\u1ea7u nh\u01b0 kh\u00f4ng quan t\u00e2m \u0111\u1ebfn v\u1ebd hay ngh\u1ec7 thu\u1eadt, ph\u1ea7n l\u1edbn th\u1eddi gian d\u00e0nh cho game v\u00e0 c\u00e1c s\u1edf th\u00edch kh\u00e1c. S\u00e1ng t\u1ea1o khi \u0111\u00f3 l\u00e0 m\u1ed9t kh\u00e1i ni\u1ec7m xa v\u1eddi, ch\u01b0a t\u1eebng \u0111\u01b0\u1ee3c xem nh\u01b0 m\u1ed9t con \u0111\u01b0\u1eddng nghi\u00eam t\u00fac \u0111\u1ec3 theo \u0111u\u1ed5i.<\/p>\n<p>B\u01b0\u1edbc ngo\u1eb7t \u0111\u1ea7u ti\u00ean xu\u1ea5t hi\u1ec7n khi Yu theo h\u1ecdc t\u1ea1i \u0110\u1ea1i h\u1ecdc S\u01b0 ph\u1ea1m Ngh\u1ec7 thu\u1eadt Trung \u01b0\u01a1ng, chuy\u00ean ng\u00e0nh Thi\u1ebft k\u1ebf \u0111\u1ed3 h\u1ecda. M\u00f4i tr\u01b0\u1eddng h\u1ecdc t\u1eadp c\u00f9ng nh\u1eefng ng\u01b0\u1eddi xung quanh \u0111\u00e3 l\u00e0m thay \u0111\u1ed5i c\u00e1ch Yu nh\u00ecn nh\u1eadn ngh\u1ec7 thu\u1eadt. C\u00e1c b\u1ed9 m\u00f4n nh\u01b0 kh\u1eafc g\u1ed7, \u0111i\u00eau kh\u1eafc, v\u1ebd h\u00ecnh h\u1ecda ch\u00e2n dung v\u00e0 nhi\u1ebfp \u1ea3nh ngh\u1ec7 thu\u1eadt m\u1edf ra m\u1ed9t kh\u00f4ng gian ho\u00e0n to\u00e0n kh\u00e1c, n\u01a1i Yu \u0111\u01b0\u1ee3c th\u1eed nghi\u1ec7m, \u0111\u01b0\u1ee3c sai v\u00e0 \u0111\u01b0\u1ee3c b\u1ed9c l\u1ed9 b\u1ea3n th\u00e2n. \u0110\u00e2y l\u00e0 giai \u0111o\u1ea1n Yu nh\u1eadn ra ngh\u1ec7 thu\u1eadt kh\u00f4ng kh\u00f4 c\u1ee9ng hay b\u00f3 h\u1eb9p trong khu\u00f4n m\u1eabu, m\u00e0 l\u00e0 m\u1ed9t v\u00f9ng t\u1ef1 do \u0111\u1ec3 suy ngh\u0129 v\u00e0 th\u1ec3 hi\u1ec7n.<\/p>\n<p>Song song v\u1edbi qu\u00e1 tr\u00ecnh h\u1ecdc t\u1eadp, hiphop d\u1ea7n t\u00ecm \u0111\u1ebfn Yu nh\u01b0 m\u1ed9t \u1ea3nh h\u01b0\u1edfng ta\u1ef1 nhi\u00ean. \u00c2m nh\u1ea1c, \u0111\u1eb7c bi\u1ec7t l\u00e0 rap v\u00e0 v\u0103n h\u00f3a hiphop, tr\u1edf th\u00e0nh ngu\u1ed3n n\u0103ng l\u01b0\u1ee3ng nu\u00f4i d\u01b0\u1ee1ng c\u1ea3m x\u00fac s\u00e1ng t\u1ea1o. Vi\u1ec7c tham gia Rapital, m\u1ed9t t\u1ed5 \u0111\u1ed9i rap ho\u1ea1t \u0111\u1ed9ng t\u1ea1i H\u00e0 N\u1ed9i, gi\u00fap Yu ti\u1ebfp c\u1eadn s\u00e2u h\u01a1n v\u1edbi tinh th\u1ea7n t\u1ef1 do, th\u1eb3ng th\u1eafn v\u00e0 gi\u00e0u c\u00e1 t\u00ednh c\u1ee7a hiphop. Nh\u1eefng tr\u1ea3i nghi\u1ec7m trong c\u1ed9ng \u0111\u1ed3ng n\u00e0y kh\u00f4ng ch\u1ec9 t\u00e1c \u0111\u1ed9ng \u0111\u1ebfn c\u1ea3m x\u00fac, m\u00e0 c\u00f2n \u1ea3nh h\u01b0\u1edfng tr\u1ef1c ti\u1ebfp \u0111\u1ebfn c\u00e1ch Yu x\u00e2y d\u1ef1ng h\u00ecnh \u1ea3nh, nh\u1ecbp \u0111i\u1ec7u v\u00e0 tinh th\u1ea7n trong t\u00e1c ph\u1ea9m. Hiphop mang \u0111\u1ebfn cho Yu s\u1ef1 ph\u00f3ng kho\u00e1ng, bay b\u1ed5ng v\u00e0 m\u1ed9t tinh th\u1ea7n d\u00e1m b\u1ed9c l\u1ed9, d\u00e1m \u0111\u1ed1i di\u1ec7n v\u1edbi b\u1ea3n th\u00e2n, t\u1eeb \u0111\u00f3 \u0111\u1ecbnh h\u00ecnh phong c\u00e1ch ngh\u1ec7 thu\u1eadt mang m\u00e0u s\u1eafc c\u00e1 nh\u00e2n r\u00f5 r\u1ec7t cho \u0111\u1ebfn hi\u1ec7n t\u1ea1i.<\/p>\n<p>Hi\u1ec7n nay, Yu The Bad Art ho\u1ea1t \u0111\u1ed9ng v\u1edbi vai tr\u00f2 artist, graphic designer v\u00e0 2D artist. V\u1edbi Yu, ngh\u1ec7 thu\u1eadt l\u00e0 n\u01a1i tr\u00fa \u1ea9n, n\u01a1i c\u00f3 th\u1ec3 s\u1ed1ng th\u1eadt v\u00e0 n\u00f3i ra nh\u1eefng \u0111i\u1ec1u kh\u00f3 di\u1ec5n \u0111\u1ea1t b\u1eb1ng l\u1eddi. H\u00e0nh tr\u00ecnh c\u1ee7a Yu kh\u00f4ng \u0111\u01b0\u1ee3c \u0111o b\u1eb1ng danh hi\u1ec7u hay th\u00e0nh t\u00edch, m\u00e0 b\u1eb1ng nh\u1eefng chuy\u1ec3n bi\u1ebfn trong c\u00e1ch nh\u00ecn nh\u1eadn b\u1ea3n th\u00e2n, c\u00e1ch ti\u1ebfp c\u1eadn s\u00e1ng t\u1ea1o v\u00e0 s\u1ef1 ki\u00ean \u0111\u1ecbnh v\u1edbi con \u0111\u01b0\u1eddng ngh\u1ec7 thu\u1eadt m\u00e0 m\u00ecnh \u0111\u00e3 ch\u1ecdn.<\/p>","protected":false},"excerpt":{"rendered":"<p>Yu The Bad Art, t\u00ean th\u1eadt l\u00e0 Nguy\u1ec5n Ti\u1ebfn D\u0169ng, sinh n\u0103m 1999, \u0111\u1ebfn t\u1eeb B\u1eafc Giang v\u00e0 hi\u1ec7n sinh [&hellip;]<\/p>\n","protected":false},"author":38,"featured_media":68507,"comment_status":"open","ping_status":"closed","template":"","meta":{"_acf_changed":false,"site-sidebar-layout":"default","site-content-layout":"","ast-site-content-layout":"default","site-content-style":"default","site-sidebar-style":"default","ast-global-header-display":"","ast-banner-title-visibility":"","ast-main-header-display":"","ast-hfb-above-header-display":"","ast-hfb-below-header-display":"","ast-hfb-mobile-header-display":"","site-post-title":"","ast-breadcrumbs-content":"","ast-featured-img":"","footer-sml-layout":"","theme-transparent-header-meta":"default","adv-header-id-meta":"","stick-header-meta":"default","header-above-stick-meta":"","header-main-stick-meta":"","header-below-stick-meta":"","astra-migrate-meta-layouts":"set","ast-page-background-enabled":"default","ast-page-background-meta":{"desktop":{"background-color":"var(--ast-global-color-4)","background-image":"","background-repeat":"repeat","background-position":"center center","background-size":"auto","background-attachment":"scroll","background-type":"","background-media":"","overlay-type":"","overlay-color":"","overlay-opacity":"","overlay-gradient":""},"tablet":{"background-color":"","background-image":"","background-repeat":"repeat","background-position":"center center","background-size":"auto","background-attachment":"scroll","background-type":"","background-media":"","overlay-type":"","overlay-color":"","overlay-opacity":"","overlay-gradient":""},"mobile":{"background-color":"","background-image":"","background-repeat":"repeat","background-position":"center center","background-size":"auto","background-attachment":"scroll","background-type":"","background-media":"","overlay-type":"","overlay-color":"","overlay-opacity":"","overlay-gradient":""}},"ast-content-background-meta":{"desktop":{"background-color":"var(--ast-global-color-5)","background-image":"","background-repeat":"repeat","background-position":"center center","background-size":"auto","background-attachment":"scroll","background-type":"","background-media":"","overlay-type":"","overlay-color":"","overlay-opacity":"","overlay-gradient":""},"tablet":{"background-color":"var(--ast-global-color-5)","background-image":"","background-repeat":"repeat","background-position":"center center","background-size":"auto","background-attachment":"scroll","background-type":"","background-media":"","overlay-type":"","overlay-color":"","overlay-opacity":"","overlay-gradient":""},"mobile":{"background-color":"var(--ast-global-color-5)","background-image":"","background-repeat":"repeat","background-position":"center center","background-size":"auto","background-attachment":"scroll","background-type":"","background-media":"","overlay-type":"","overlay-color":"","overlay-opacity":"","overlay-gradient":""}}},"product_brand":[],"product_cat":[116,232,241,124],"product_tag":[],"painting-color":[],"artist":[222],"class_list":{"0":"post-68500","1":"product","2":"type-product","3":"status-publish","4":"has-post-thumbnail","6":"product_cat-arch-projects","7":"product_cat-pop-art","8":"product_cat-digital-art","9":"product_cat-contemporary","10":"artist-am_yuuuuuuuuuu","11":"desktop-align-left","12":"tablet-align-left","13":"mobile-align-left","14":"ast-product-gallery-layout-vertical-slider","15":"ast-magnify-disabled","16":"ast-product-single-variable","18":"first","19":"instock","20":"taxable","21":"shipping-taxable","22":"purchasable","23":"product-type-variable","24":"rtwpvg-product"},"acf":[],"jetpack_sharing_enabled":true,"jetpack-related-posts":[],"_links":{"self":[{"href":"https:\/\/archculture.art\/en\/wp-json\/wp\/v2\/product\/68500","targetHints":{"allow":["GET"]}}],"collection":[{"href":"https:\/\/archculture.art\/en\/wp-json\/wp\/v2\/product"}],"about":[{"href":"https:\/\/archculture.art\/en\/wp-json\/wp\/v2\/types\/product"}],"author":[{"embeddable":true,"href":"https:\/\/archculture.art\/en\/wp-json\/wp\/v2\/users\/38"}],"replies":[{"embeddable":true,"href":"https:\/\/archculture.art\/en\/wp-json\/wp\/v2\/comments?post=68500"}],"wp:featuredmedia":[{"embeddable":true,"href":"https:\/\/archculture.art\/en\/wp-json\/wp\/v2\/media\/68507"}],"wp:attachment":[{"href":"https:\/\/archculture.art\/en\/wp-json\/wp\/v2\/media?parent=68500"}],"wp:term":[{"taxonomy":"product_brand","embeddable":true,"href":"https:\/\/archculture.art\/en\/wp-json\/wp\/v2\/product_brand?post=68500"},{"taxonomy":"product_cat","embeddable":true,"href":"https:\/\/archculture.art\/en\/wp-json\/wp\/v2\/product_cat?post=68500"},{"taxonomy":"product_tag","embeddable":true,"href":"https:\/\/archculture.art\/en\/wp-json\/wp\/v2\/product_tag?post=68500"},{"taxonomy":"painting-color","embeddable":true,"href":"https:\/\/archculture.art\/en\/wp-json\/wp\/v2\/painting-color?post=68500"},{"taxonomy":"artist","embeddable":true,"href":"https:\/\/archculture.art\/en\/wp-json\/wp\/v2\/artist?post=68500"}],"curies":[{"name":"wp","href":"https:\/\/api.w.org\/{rel}","templated":true}]}}